{"id":925,"date":"2019-10-16T19:53:26","date_gmt":"2019-10-16T19:53:26","guid":{"rendered":"http:\/\/www.salusottawa.org\/fr\/?page_id=925"},"modified":"2019-10-16T19:56:37","modified_gmt":"2019-10-16T19:56:37","slug":"normes-de-service-a-la-clientele","status":"publish","type":"page","link":"https:\/\/www.salusottawa.org\/fr\/normes-de-service-a-la-clientele\/","title":{"rendered":"Normes de Service \u00e0 la client\u00e8le"},"content":{"rendered":"<h1>Normes de Service \u00e0 la client\u00e8le<\/h1>\n<p>La Corporation Salus d\u2019Ottawa (Salus) s\u2019engage \u00e0 accorder un traitement \u00e9gal aux personnes ayant une d\u00e9ficience physique en ce qui concerne l\u2019utilisation des ses services et programmes et \u00e0 faire en sorte qu&#8217;elles puissent en b\u00e9n\u00e9ficier, \u00e0 l\u2019instar des autres membres du public, dans le respect de leur dignit\u00e9.<\/p>\n<p style=\"text-align: center;\"><a href=\"http:\/\/www.salusottawa.org\/fr\/wp-content\/uploads\/sites\/3\/2019\/10\/Politique-sur-les-normes-d\u2019accessibilit\u00e9-pour-les-services-\u00e0-la-client\u00e8le.pdf\">Politique sur les normes d\u2019accessibilit\u00e9 pour les services \u00e0 la client\u00e8le<\/a><\/p>\n<p><img loading=\"lazy\" decoding=\"async\" class=\"alignnone size-medium wp-image-917 aligncenter\" src=\"http:\/\/www.salusottawa.org\/fr\/wp-content\/uploads\/sites\/3\/2019\/10\/AODA2-300x136.jpg\" alt=\"\" width=\"300\" height=\"136\" srcset=\"https:\/\/www.salusottawa.org\/fr\/wp-content\/uploads\/sites\/3\/2019\/10\/AODA2-300x136.jpg 300w, https:\/\/www.salusottawa.org\/fr\/wp-content\/uploads\/sites\/3\/2019\/10\/AODA2-450x203.jpg 450w, https:\/\/www.salusottawa.org\/fr\/wp-content\/uploads\/sites\/3\/2019\/10\/AODA2.jpg 551w\" sizes=\"auto, (max-width: 300px) 100vw, 300px\" \/><\/p>\n","protected":false},"excerpt":{"rendered":"<p>Normes de Service \u00e0 la client\u00e8le La Corporation Salus d\u2019Ottawa (Salus) s\u2019engage \u00e0 accorder un traitement \u00e9gal aux personnes ayant une d\u00e9ficience physique en ce qui concerne l\u2019utilisation des ses services et programmes et \u00e0 faire en sorte qu&#8217;elles puissent en b\u00e9n\u00e9ficier, \u00e0 l\u2019instar des autres membres du public, dans le respect de leur dignit\u00e9. [&hellip;]<\/p>\n","protected":false},"author":1,"featured_media":0,"parent":0,"menu_order":0,"comment_status":"closed","ping_status":"closed","template":"","meta":{"footnotes":""},"class_list":["post-925","page","type-page","status-publish","hentry"],"acf":[],"_links":{"self":[{"href":"https:\/\/www.salusottawa.org\/fr\/wp-json\/wp\/v2\/pages\/925","targetHints":{"allow":["GET"]}}],"collection":[{"href":"https:\/\/www.salusottawa.org\/fr\/wp-json\/wp\/v2\/pages"}],"about":[{"href":"https:\/\/www.salusottawa.org\/fr\/wp-json\/wp\/v2\/types\/page"}],"author":[{"embeddable":true,"href":"https:\/\/www.salusottawa.org\/fr\/wp-json\/wp\/v2\/users\/1"}],"replies":[{"embeddable":true,"href":"https:\/\/www.salusottawa.org\/fr\/wp-json\/wp\/v2\/comments?post=925"}],"version-history":[{"count":2,"href":"https:\/\/www.salusottawa.org\/fr\/wp-json\/wp\/v2\/pages\/925\/revisions"}],"predecessor-version":[{"id":928,"href":"https:\/\/www.salusottawa.org\/fr\/wp-json\/wp\/v2\/pages\/925\/revisions\/928"}],"wp:attachment":[{"href":"https:\/\/www.salusottawa.org\/fr\/wp-json\/wp\/v2\/media?parent=925"}],"curies":[{"name":"wp","href":"https:\/\/api.w.org\/{rel}","templated":true}]}}