{"id":82,"date":"2018-04-13T17:06:48","date_gmt":"2018-04-13T17:06:48","guid":{"rendered":"http:\/\/www.salusottawa.org\/fr\/?page_id=82"},"modified":"2018-07-10T13:12:53","modified_gmt":"2018-07-10T13:12:53","slug":"loisirs-et-mieux-etre","status":"publish","type":"page","link":"https:\/\/www.salusottawa.org\/fr\/services-de-sante-mentale-de-salus\/loisirs-et-mieux-etre\/","title":{"rendered":"Loisirs et mieux-\u00eatre"},"content":{"rendered":"<div class=\"flex_column av_three_fifth  flex_column_div av-zero-column-padding first  \" style='border-radius:0px; '><section class=\"av_textblock_section \"  itemscope=\"itemscope\" itemtype=\"https:\/\/schema.org\/CreativeWork\" ><div class='avia_textblock  '   itemprop=\"text\" ><h1>Loisirs et mieux-\u00eatre<\/h1>\n<p>Il est reconnu que les activit\u00e9s phyiques ou artistiques sont un \u00e9l\u00e9ment essentiel au bon r\u00e9tablissement. \u00c0 la lumi\u00e8re de ce principe \u00e9prouv\u00e9, Salus accorde une grande importance \u00e0 ses programmes de loisirs et de mieux-\u00eatre.<\/p>\n<p>Les travailleurs sp\u00e9cialis\u00e9s en sant\u00e9 et en mieux-\u00eatre de Salus, \u00e9galement appel\u00e9s r\u00e9cr\u00e9ologues, travaillent sur une base individuelle avec les clients pour les aider \u00e0 trouver des loisirs significatifs et agr\u00e9ables, et \u00e0 adopter un mode de vie sain.<\/p>\n<p>Les r\u00e9cr\u00e9ologues de Salus offrent des programmes continus de loisirs pertinents pour les clients, tout en travaillant avec les <a title=\"D\u00e9veloppement communautaire\" href=\"https:\/\/www.salusottawa.org\/fr\/services-de-sante-mentale-de-salus\/developpement-communautaire\/\">agents de d\u00e9veloppement communautaire<\/a> de Salus pour animer des activit\u00e9s dans nos centres de ressources afin d\u2019aiguiller les clients vers les ressources externes offertes dans la r\u00e9gion d&#8217;Ottawa.<\/p>\n<p>Les r\u00e9cr\u00e9ologues organisent des sorties \u00e0 prix abordable et des visites touristiques int\u00e9ressantes pour les clients de Salus, en plus de participer \u00e0 l&#8217;initiative d&#8217;art-th\u00e9rapie, appel\u00e9e \u00ab\u00a0Art and Recovery\u00a0\u00bb, financ\u00e9e par la Fondation communautaire d&#8217;Ottawa.<\/p>\n<\/div><\/section><\/div>\n<div class=\"flex_column av_two_fifth  flex_column_div av-zero-column-padding   \" style='border-radius:0px; '><div class='avia-image-container  av-styling-    avia-align-center '  itemscope=\"itemscope\" itemtype=\"https:\/\/schema.org\/ImageObject\"  ><div class='avia-image-container-inner'><img class='avia_image ' src='https:\/\/www.salusottawa.org\/fr\/wp-content\/uploads\/sites\/3\/2018\/07\/runningedited.jpg' alt='' title='runningedited'   itemprop=\"thumbnailUrl\"  \/><\/div><\/div><\/div>\n","protected":false},"excerpt":{"rendered":"","protected":false},"author":1,"featured_media":0,"parent":78,"menu_order":0,"comment_status":"closed","ping_status":"closed","template":"","meta":{"footnotes":""},"class_list":["post-82","page","type-page","status-publish","hentry"],"acf":[],"_links":{"self":[{"href":"https:\/\/www.salusottawa.org\/fr\/wp-json\/wp\/v2\/pages\/82","targetHints":{"allow":["GET"]}}],"collection":[{"href":"https:\/\/www.salusottawa.org\/fr\/wp-json\/wp\/v2\/pages"}],"about":[{"href":"https:\/\/www.salusottawa.org\/fr\/wp-json\/wp\/v2\/types\/page"}],"author":[{"embeddable":true,"href":"https:\/\/www.salusottawa.org\/fr\/wp-json\/wp\/v2\/users\/1"}],"replies":[{"embeddable":true,"href":"https:\/\/www.salusottawa.org\/fr\/wp-json\/wp\/v2\/comments?post=82"}],"version-history":[{"count":4,"href":"https:\/\/www.salusottawa.org\/fr\/wp-json\/wp\/v2\/pages\/82\/revisions"}],"predecessor-version":[{"id":564,"href":"https:\/\/www.salusottawa.org\/fr\/wp-json\/wp\/v2\/pages\/82\/revisions\/564"}],"up":[{"embeddable":true,"href":"https:\/\/www.salusottawa.org\/fr\/wp-json\/wp\/v2\/pages\/78"}],"wp:attachment":[{"href":"https:\/\/www.salusottawa.org\/fr\/wp-json\/wp\/v2\/media?parent=82"}],"curies":[{"name":"wp","href":"https:\/\/api.w.org\/{rel}","templated":true}]}}