{"id":81,"date":"2018-04-13T17:05:28","date_gmt":"2018-04-13T17:05:28","guid":{"rendered":"http:\/\/www.salusottawa.org\/fr\/?page_id=81"},"modified":"2018-04-13T17:05:28","modified_gmt":"2018-04-13T17:05:28","slug":"services-dergotherapie","status":"publish","type":"page","link":"https:\/\/www.salusottawa.org\/fr\/services-de-sante-mentale-de-salus\/services-dergotherapie\/","title":{"rendered":"Services d&#8217;ergoth\u00e9rapie de Salus"},"content":{"rendered":"<div class=\"flex_column av_three_fifth  flex_column_div av-zero-column-padding first  \" style='border-radius:0px; '><section class=\"av_textblock_section \"  itemscope=\"itemscope\" itemtype=\"https:\/\/schema.org\/CreativeWork\" ><div class='avia_textblock  '   itemprop=\"text\" ><h1>Services d&#8217;ergoth\u00e9rapie de Salus<\/h1>\n<p>L\u2019ergoth\u00e9rapeute offre des services personnalis\u00e9s aux locataires de logements avec soutien de Salus pour les aider \u00e0 surmonter les obstacles \u00e0 leur r\u00e9tablissement et rehausser leur appr\u00e9ciation de la vie.<\/p>\n<p>Ces obstacles sont notamment les difficult\u00e9s pratiques de la vie quotidienne, comme l\u2019\u00e9tablissement d\u2019un budget, le m\u00e9nage du logement ou d\u2019autres probl\u00e8mes plus profonds comme la gestion de la col\u00e8re ou du stress.<\/p>\n<p>En collaboration avec les <a title=\"D\u00e9veloppement communautaire\" href=\"https:\/\/www.salusottawa.org\/fr\/services-de-sante-mentale-de-salus\/developpement-communautaire\/\">agents de d\u00e9veloppement communautaire<\/a> de Salus, l\u2019ergoth\u00e9rapeute organise des activit\u00e9s \u00e9ducatives et des groupes de soutien afin d\u2019aborder des sujets comme les comp\u00e9tences sociales, se pr\u00e9parer \u00e0 vivre en appartement, l&#8217;estime de soi et bien d&#8217;autres encore.<\/p>\n<p>L\u2019ergoth\u00e9rapeute peut \u00e9galement agir comme personne-ressource aupr\u00e8s de l\u2019\u00e9quipe de Salus.<\/p>\n<\/div><\/section><\/div><div class=\"flex_column av_two_fifth  flex_column_div av-zero-column-padding   \" style='border-radius:0px; '><div class='avia-image-container  av-styling-    avia-align-center '  itemscope=\"itemscope\" itemtype=\"https:\/\/schema.org\/ImageObject\"  ><div class='avia-image-container-inner'><img class='avia_image ' src='https:\/\/www.salusottawa.org\/fr\/wp-content\/uploads\/sites\/3\/2018\/04\/Cooper-40-Copy-773x1030.jpg' alt='' title='OLYMPUS DIGITAL CAMERA'   itemprop=\"thumbnailUrl\"  \/><\/div><\/div><\/div><\/p>\n","protected":false},"excerpt":{"rendered":"","protected":false},"author":1,"featured_media":0,"parent":78,"menu_order":0,"comment_status":"closed","ping_status":"closed","template":"","meta":{"footnotes":""},"class_list":["post-81","page","type-page","status-publish","hentry"],"acf":[],"_links":{"self":[{"href":"https:\/\/www.salusottawa.org\/fr\/wp-json\/wp\/v2\/pages\/81","targetHints":{"allow":["GET"]}}],"collection":[{"href":"https:\/\/www.salusottawa.org\/fr\/wp-json\/wp\/v2\/pages"}],"about":[{"href":"https:\/\/www.salusottawa.org\/fr\/wp-json\/wp\/v2\/types\/page"}],"author":[{"embeddable":true,"href":"https:\/\/www.salusottawa.org\/fr\/wp-json\/wp\/v2\/users\/1"}],"replies":[{"embeddable":true,"href":"https:\/\/www.salusottawa.org\/fr\/wp-json\/wp\/v2\/comments?post=81"}],"version-history":[{"count":2,"href":"https:\/\/www.salusottawa.org\/fr\/wp-json\/wp\/v2\/pages\/81\/revisions"}],"predecessor-version":[{"id":221,"href":"https:\/\/www.salusottawa.org\/fr\/wp-json\/wp\/v2\/pages\/81\/revisions\/221"}],"up":[{"embeddable":true,"href":"https:\/\/www.salusottawa.org\/fr\/wp-json\/wp\/v2\/pages\/78"}],"wp:attachment":[{"href":"https:\/\/www.salusottawa.org\/fr\/wp-json\/wp\/v2\/media?parent=81"}],"curies":[{"name":"wp","href":"https:\/\/api.w.org\/{rel}","templated":true}]}}