{"id":79,"date":"2018-04-13T16:56:51","date_gmt":"2018-04-13T16:56:51","guid":{"rendered":"http:\/\/www.salusottawa.org\/fr\/?page_id=79"},"modified":"2025-04-23T12:22:25","modified_gmt":"2025-04-23T12:22:25","slug":"accompagnement-communautaire","status":"publish","type":"page","link":"https:\/\/www.salusottawa.org\/fr\/services-de-sante-mentale-de-salus\/accompagnement-communautaire\/","title":{"rendered":"Accompagnement communautaire"},"content":{"rendered":"<div class=\"flex_column av_three_fifth  flex_column_div av-zero-column-padding first  \" style='border-radius:0px; '><section class=\"av_textblock_section \"  itemscope=\"itemscope\" itemtype=\"https:\/\/schema.org\/CreativeWork\" ><div class='avia_textblock  '   itemprop=\"text\" ><h1>Accompagnement communautaire<\/h1>\n<p>Les services d\u2019accompagnement communautaire ont pour objectif principal d&#8217;aider les adultes atteints d&#8217;une maladie mentale \u00e0 se trouver un logement, du travail et \u00e0 participer pleinement \u00e0 la vie en soci\u00e9t\u00e9. L\u2019id\u00e9e principale est d\u2019aider nos clients \u00e0 am\u00e9liorer leur qualit\u00e9 de vie.<\/p>\n<p>Les accompagnateurs communautaires guident les clients vers les services dont ils ont besoin. En accompagnant nos clients, notamment chez les m\u00e9decins, les employeurs et les services de logement, Salus les aide \u00e0 tracer leur voie qui les m\u00e8nera au r\u00e9tablissement.<\/p>\n<p>Salus offre un \u00e9ventail de services d\u2019accompagnement communautaire en fran\u00e7ais, en anglais, en American Sign Language (ASL) et en Langue des signes qu\u00e9b\u00e9coise (LSQ).<\/p>\n<h3><strong>Que font les accompagnateurs communautaires de Salus?<\/strong><\/h3>\n<p>Les accompagnateurs communautaires offrent un soutien personnalis\u00e9, souple et orient\u00e9 vers la client\u00e8le, aux personnes qui vivent avec des probl\u00e8mes de sant\u00e9 mentale s\u00e9v\u00e8re et persistants. Ils mettent l&#8217;accent sur les forces du client, ses int\u00e9r\u00eats et ses capacit\u00e9s et l\u2019aident \u00e0 b\u00e2tir une base solide pour qu\u2019il prenne en charge son processus de r\u00e9tablissement. Les accompagnateurs communautaires rencontrent les clients dans leur milieu de vie peu importe leur lieu de r\u00e9sidence \u00e0 Ottawa.<\/p>\n<h3><strong>Comment l\u2019accompagnement communautaire est-il fourni?<\/strong><\/h3>\n<p><strong>Les accompagnateurs communautaires de Salus et les clients travaillent ensemble afin de\u00a0:<\/strong><\/p>\n<ul>\n<li>\u00c9valuer les forces et les besoins du client, dans toutes les sph\u00e8res de sa vie.<\/li>\n<li>D\u00e9terminer les objectifs de changement.<\/li>\n<li>\u00c9laborer un plan de service.<\/li>\n<\/ul>\n<p>En s&#8217;appuyant sur le plan de service, l\u2019accompagnateur communautaire aide le client \u00e0 atteindre ses objectifs personnels. L\u2019accompagnateur communautaire peut offrir du counseling, de l&#8217;assistance pratique, coordonner les services et faire la liaison entre eux et d\u00e9fendre les int\u00e9r\u00eats du client.<\/p>\n<p>Salus est un organisme partenaire du <a href=\"http:\/\/ottawa.cmha.ca\/fr\/programmes-et-services\/services-de-soutien-communautaire\/\" target=\"_blank\" rel=\"noopener\">regroupement des agences de sant\u00e9 mentale communautaires d\u2019Ottawa<\/a> laquelle est coordonn\u00e9e par la <a href=\"http:\/\/www.cmha.ca\" target=\"_blank\" rel=\"noopener\">section d&#8217;Ottawa de l&#8217;Association canadienne pour la sant\u00e9 mentale<\/a> qui s&#8217;occupe de l&#8217;inscription et de l&#8217;\u00e9valuation des clients pour l\u2019accompagnement communautaire.<\/p>\n<h3>Combien de temps faut-il pour recevoir des services d&#8217;accompagnement communautaire?<\/h3>\n<p>Un travailleur charg\u00e9 de l\u2019accueil prendra contact avec les nouveaux requ\u00e9rants \u00e0 la r\u00e9ception d\u2019un formulaire de pr\u00e9sentation rempli. En raison de la forte demande pour ces services, il y a une p\u00e9riode d\u2019attente d\u2019environ 3 ans avant de recevoir les services d\u2019un gestionnaire de cas.<\/p>\n<\/div><\/section><\/div>\n<div class=\"flex_column av_two_fifth  flex_column_div av-zero-column-padding   \" style='border-radius:0px; '><p><div class='avia-image-container  av-styling-    avia-align-center '  itemscope=\"itemscope\" itemtype=\"https:\/\/schema.org\/ImageObject\"  ><div class='avia-image-container-inner'><img class='avia_image ' src='https:\/\/www.salusottawa.org\/fr\/wp-content\/uploads\/sites\/3\/2018\/04\/Rosemount-1030x773.jpg' alt='' title='OLYMPUS DIGITAL CAMERA'   itemprop=\"thumbnailUrl\"  \/><\/div><\/div><br \/>\n<div style='height:50px' class='hr hr-invisible  '><span class='hr-inner ' ><span class='hr-inner-style'><\/span><\/span><\/div><br \/>\n<article class=\"iconbox iconbox_top main_color    \"  itemscope=\"itemscope\" itemtype=\"https:\/\/schema.org\/CreativeWork\" ><div class=\"iconbox_content\"><header class=\"entry-content-header\"><div class=\"iconbox_icon heading-color \" aria-hidden='true' data-av_icon='\ue836' data-av_iconfont='entypo-fontello'  ><\/div><h3 class='iconbox_content_title '  itemprop=\"headline\"  >Comment obtenir des services d\u2019accompagnement communautaire?<\/h3><\/header><div class='iconbox_content_container  '  itemprop=\"text\"  ><p>Pour faire une demande de service d\u2019accompagnement communautaire, vous devez communiquer avec l&#8217;<a href=\"http:\/\/ottawa.cmha.ca\/fr\/programmes-et-services\/services-de-soutien-communautaire\/\" target=\"_blank\" rel=\"noopener\">Association canadienne pour la sant\u00e9 mentale<\/a>.<\/p>\n<p>301-311 Avenue McArthur<\/p>\n<p>Ottawa (Ontario) K1L 8M3<\/p>\n<p>T\u00e9l. : 613-737-7791<br \/>\nATS : 613-737-9480<br \/>\nFax : 613-737-7644<\/p>\n<p>Des formulaires de demande d\u2019accompagnement communautaire sont \u00e9galement disponibles au si\u00e8ge social de Salus.<\/p>\n<\/div><\/div><footer class=\"entry-footer\"><\/footer><\/article><\/p><\/div>\n","protected":false},"excerpt":{"rendered":"","protected":false},"author":1,"featured_media":0,"parent":78,"menu_order":0,"comment_status":"closed","ping_status":"closed","template":"","meta":{"footnotes":""},"class_list":["post-79","page","type-page","status-publish","hentry"],"acf":[],"_links":{"self":[{"href":"https:\/\/www.salusottawa.org\/fr\/wp-json\/wp\/v2\/pages\/79","targetHints":{"allow":["GET"]}}],"collection":[{"href":"https:\/\/www.salusottawa.org\/fr\/wp-json\/wp\/v2\/pages"}],"about":[{"href":"https:\/\/www.salusottawa.org\/fr\/wp-json\/wp\/v2\/types\/page"}],"author":[{"embeddable":true,"href":"https:\/\/www.salusottawa.org\/fr\/wp-json\/wp\/v2\/users\/1"}],"replies":[{"embeddable":true,"href":"https:\/\/www.salusottawa.org\/fr\/wp-json\/wp\/v2\/comments?post=79"}],"version-history":[{"count":5,"href":"https:\/\/www.salusottawa.org\/fr\/wp-json\/wp\/v2\/pages\/79\/revisions"}],"predecessor-version":[{"id":2019,"href":"https:\/\/www.salusottawa.org\/fr\/wp-json\/wp\/v2\/pages\/79\/revisions\/2019"}],"up":[{"embeddable":true,"href":"https:\/\/www.salusottawa.org\/fr\/wp-json\/wp\/v2\/pages\/78"}],"wp:attachment":[{"href":"https:\/\/www.salusottawa.org\/fr\/wp-json\/wp\/v2\/media?parent=79"}],"curies":[{"name":"wp","href":"https:\/\/api.w.org\/{rel}","templated":true}]}}