{"id":78,"date":"2018-04-13T16:51:43","date_gmt":"2018-04-13T16:51:43","guid":{"rendered":"http:\/\/www.salusottawa.org\/fr\/?page_id=78"},"modified":"2018-07-11T14:07:28","modified_gmt":"2018-07-11T14:07:28","slug":"services-de-sante-mentale-de-salus","status":"publish","type":"page","link":"https:\/\/www.salusottawa.org\/fr\/services-de-sante-mentale-de-salus\/","title":{"rendered":"Services de sant\u00e9 mentale de Salus"},"content":{"rendered":"<div class=\"flex_column av_three_fifth  flex_column_div av-zero-column-padding first  \" style='border-radius:0px; '><section class=\"av_textblock_section \"  itemscope=\"itemscope\" itemtype=\"https:\/\/schema.org\/CreativeWork\" ><div class='avia_textblock  '   itemprop=\"text\" ><h1>Services de sant\u00e9 mentale de Salus<\/h1>\n<\/div><\/section><br \/>\n<section class=\"av_textblock_section \"  itemscope=\"itemscope\" itemtype=\"https:\/\/schema.org\/CreativeWork\" ><div class='avia_textblock  '   itemprop=\"text\" ><h2>Salus soutient le r\u00e9tablissement \u00e0 long terme avec des interventions personnalis\u00e9es.<\/h2>\n<p>Se r\u00e9tablir d\u2019une maladie mentale est diff\u00e9rent pour chaque personne. Il n\u2019existe aucune solution miracle applicable \u00e0 tout le monde.<\/p>\n<p>Les programmes et services de sant\u00e9 mentale de Salus reposent sur les besoins individuels, les \u00e9tapes du r\u00e9tablissement et les circonstances. Il s\u2019agit d\u2019une approche \u00e9prouv\u00e9e qui soutien chaque personne dans son cheminement personnel afin de l\u2019aider \u00e0 sortir de l\u2019itin\u00e9rance, \u00e0 se remettre d\u2019une hospitalisation ou pour briser l\u2019isolement afin qu\u2019elle retrouve la sant\u00e9, le bien-\u00eatre et l\u2019espoir.<\/p>\n<h3>Salus offre actuellement diverses formes de soutien \u00e0 plus de 300 adultes atteints d\u2019une maladie mentale s\u00e9v\u00e8re et persistante dans la r\u00e9gion d\u2019Ottawa, notamment :<\/h3>\n<ul>\n<li><a title=\"Accompagnement communautaire\" href=\"https:\/\/www.salusottawa.org\/fr\/services-de-sante-mentale-de-salus\/accompagnement-communautaire\/\">Services d&#8217;accompagnement communautaire<\/a><\/li>\n<li><a title=\"D\u00e9veloppement communautaire\" href=\"https:\/\/www.salusottawa.org\/fr\/services-de-sante-mentale-de-salus\/developpement-communautaire\/\">Services de d\u00e9veloppement communautaire<\/a><\/li>\n<li><a title=\"Programmes de r\u00e9adaptation\" href=\"https:\/\/www.salusottawa.org\/fr\/services-de-sante-mentale-de-salus\/programmes-de-readaptation-transitionnelle\/\">Programmes de r\u00e9adaptation de transitionnelle<\/a><\/li>\n<li><a title=\"Ergoth\u00e9rapie\" href=\"https:\/\/www.salusottawa.org\/fr\/services-de-sante-mentale-de-salus\/services-dergotherapie\/\">Services d&#8217;ergoth\u00e9rapie<\/a><\/li>\n<li><a title=\"Loisirs et bien-\u00eatre\" href=\"https:\/\/www.salusottawa.org\/fr\/services-de-sante-mentale-de-salus\/loisirs-et-mieux-etre\/\">Services de loisirs et de bien-\u00eatre<\/a><\/li>\n<\/ul>\n<p>Con\u00e7us selon une d\u00e9marche holistique, les services et programmes de Salus abordent tous les aspects de la vie du client. Ils sont planifi\u00e9s avec la personne concern\u00e9e afin d\u2019\u00eatre adapt\u00e9s \u00e0 ses propres besoins.<\/p>\n<\/div><\/section><\/p><\/div><div class=\"flex_column av_two_fifth  flex_column_div av-zero-column-padding   \" style='border-radius:0px; '><div class='avia-image-container  av-styling-    avia-align-center '  itemscope=\"itemscope\" itemtype=\"https:\/\/schema.org\/ImageObject\"  ><div class='avia-image-container-inner'><img class='avia_image ' src='https:\/\/www.salusottawa.org\/fr\/wp-content\/uploads\/sites\/3\/2018\/04\/CSV-Salus-001-709x1030-709x1030.jpg' alt='' title='CSV-Salus-001-709x1030'   itemprop=\"thumbnailUrl\"  \/><\/div><\/div><\/div><\/p>\n","protected":false},"excerpt":{"rendered":"","protected":false},"author":1,"featured_media":0,"parent":0,"menu_order":0,"comment_status":"closed","ping_status":"closed","template":"","meta":{"footnotes":""},"class_list":["post-78","page","type-page","status-publish","hentry"],"acf":[],"_links":{"self":[{"href":"https:\/\/www.salusottawa.org\/fr\/wp-json\/wp\/v2\/pages\/78","targetHints":{"allow":["GET"]}}],"collection":[{"href":"https:\/\/www.salusottawa.org\/fr\/wp-json\/wp\/v2\/pages"}],"about":[{"href":"https:\/\/www.salusottawa.org\/fr\/wp-json\/wp\/v2\/types\/page"}],"author":[{"embeddable":true,"href":"https:\/\/www.salusottawa.org\/fr\/wp-json\/wp\/v2\/users\/1"}],"replies":[{"embeddable":true,"href":"https:\/\/www.salusottawa.org\/fr\/wp-json\/wp\/v2\/comments?post=78"}],"version-history":[{"count":4,"href":"https:\/\/www.salusottawa.org\/fr\/wp-json\/wp\/v2\/pages\/78\/revisions"}],"predecessor-version":[{"id":621,"href":"https:\/\/www.salusottawa.org\/fr\/wp-json\/wp\/v2\/pages\/78\/revisions\/621"}],"wp:attachment":[{"href":"https:\/\/www.salusottawa.org\/fr\/wp-json\/wp\/v2\/media?parent=78"}],"curies":[{"name":"wp","href":"https:\/\/api.w.org\/{rel}","templated":true}]}}