{"id":74,"date":"2018-04-13T15:18:35","date_gmt":"2018-04-13T15:18:35","guid":{"rendered":"http:\/\/www.salusottawa.org\/fr\/?page_id=74"},"modified":"2025-05-26T14:24:04","modified_gmt":"2025-05-26T14:24:04","slug":"nous-joindre","status":"publish","type":"page","link":"https:\/\/www.salusottawa.org\/fr\/nous-joindre\/","title":{"rendered":"Nous joindre"},"content":{"rendered":"<\/div><\/div><\/div><!-- close content main div --><\/div><\/div><div id='av_section_1' class='avia-section main_color avia-section-large avia-no-border-styling avia-bg-style-scroll   container_wrap sidebar_right'   ><div class='container' ><div class='template-page content  av-content-small alpha units'><div class='post-entry post-entry-type-page post-entry-74'><div class='entry-content-wrapper clearfix'>\n<div class=\"flex_column av_one_half  flex_column_div av-zero-column-padding first  \" style='border-radius:0px; '><section class=\"av_textblock_section \"  itemscope=\"itemscope\" itemtype=\"https:\/\/schema.org\/CreativeWork\" ><div class='avia_textblock  '   itemprop=\"text\" ><h1>Bienvenue \u00e0 Salus Ottawa<\/h1>\n<\/div><\/section><br \/>\n<section class=\"av_textblock_section \"  itemscope=\"itemscope\" itemtype=\"https:\/\/schema.org\/CreativeWork\" ><div class='avia_textblock  '   itemprop=\"text\" ><h1><\/h1>\n<h3>L\u00e0 o\u00f9 l&#8217;espoir trouve un chez soi<\/h3>\n<p>2000 rue Scott<br \/>\nOttawa, Ontario K1Z 6T2<br \/>\n<strong>Tel:<\/strong> (613) 729-0123<br \/>\n<strong>TTY:<\/strong> (613) 729-8455<br \/>\n<a href=\"mailto:info@salusottawa.org\">info@salusottawa.org<\/a><\/p>\n<p>Notre si\u00e8ge social temporaire, situ\u00e9 au 1994, rue Scott, est ouvert au public de 13 h \u00e0 16 h 30, du lundi au vendredi. Vous pouvez joindre notre \u00e9quipe administrative au 613-729-0123 pendant les heures normales d\u2019ouverture, soit de 8 h 30 a 16 h 30.<\/p>\n<p>Veuillez consulter notre page sur les <a href=\"https:\/\/www.salusottawa.org\/fr\/services-de-sante-mentale-de-salus\/\">services de sant\u00e9 mentale <\/a>pour en savoir plus, notamment sur la mani\u00e8re de demander une gestion de cas.<\/p>\n<p>Veuillez consulter notre page sur le <a href=\"https:\/\/www.salusottawa.org\/fr\/logements-de-salus-avec-soutien\/demande-de-logement\/\">logement avec soutien <\/a>pour en savoir plus, notamment sur la mani\u00e8re de faire une demande de logement avec services de soutien \u00e0 Salus.<\/p>\n<p>Pour les demandes de renseignements des m\u00e9dias, veuillez communiquer avec Allie Lee, directrice des communications et des relations publiques, au 613-277-8361.<\/p>\n<\/div><\/section><br \/>\n<section class=\"avia_codeblock_section  avia_code_block_0\"  itemscope=\"itemscope\" itemtype=\"https:\/\/schema.org\/CreativeWork\" ><div class='avia_codeblock '  itemprop=\"text\" > [avia_codeblock_placeholder uid=\"0\"] <\/div><\/section><\/p><\/div><div class=\"flex_column av_one_half  flex_column_div av-zero-column-padding   \" style='border-radius:0px; '><section class=\"av_textblock_section \"  itemscope=\"itemscope\" itemtype=\"https:\/\/schema.org\/CreativeWork\" ><div class='avia_textblock  '   itemprop=\"text\" ><h2>Contactez-nous<\/h2>\n<\/div><\/section><br \/>\n<form action=\"https:\/\/www.salusottawa.org\/fr\/nous-joindre\/\" method=\"post\"  class=\"avia_ajax_form av-form-labels-hidden    \" data-avia-form-id=\"1\" data-avia-redirect=''><fieldset><p class=' first_form  form_element form_element_half' id='element_avia_1_1'> <input name=\"avia_1_1\" class=\"text_input is_empty\" type=\"text\" id=\"avia_1_1\" value=\"\"  placeholder='Pr\u00e9nom*'\/><\/p><p class=' form_element form_element_half' id='element_avia_2_1'> <input name=\"avia_2_1\" class=\"text_input is_empty\" type=\"text\" id=\"avia_2_1\" value=\"\"  placeholder='Nom*'\/><\/p><p class=' first_form  form_element form_element_half' id='element_avia_3_1'> <input name=\"avia_3_1\" class=\"text_input is_email\" type=\"text\" id=\"avia_3_1\" value=\"\"  placeholder='Courriel*'\/><\/p><p class=' form_element form_element_half' id='element_avia_4_1'> <input name=\"avia_4_1\" class=\"text_input is_email\" type=\"text\" id=\"avia_4_1\" value=\"\"  placeholder='T\u00e9l\u00e9phone*'\/><\/p><p class=' first_form  form_element form_fullwidth' id='element_avia_5_1'>\t <textarea  placeholder='Questions ou commentaires :*' name=\"avia_5_1\" class=\"text_area is_empty\" cols=\"40\" rows=\"7\" id=\"avia_5_1\" ><\/textarea><\/p><p class=\"hidden\"><input type=\"text\" name=\"avia_6_1\" class=\"hidden \" id=\"avia_6_1\" value=\"\" \/><\/p><p class='' id='element_avia_7_1'>    <span class='value_verifier_label'>3 + 3 = ?<\/span>    <input name=\"avia_7_1_verifier\" type=\"hidden\" id=\"avia_7_1_verifier\" value=\"526717367\"\/><label for=\"avia_7_1\">Please prove that you are human by solving the equation <abbr class=\"required\" title=\"required\">*<\/abbr><\/label>    <input name=\"avia_7_1\" class=\"text_input captcha\" type=\"text\" id=\"avia_7_1\" value=\"\"\/><\/p><p class=\"form_element \"><input type=\"hidden\" value=\"1\" name=\"avia_generated_form1\" \/><input type=\"submit\" value=\"soumettre\" class=\"button\"  data-sending-label=\"Sending\"\/><\/p><\/fieldset><\/form><div id=\"ajaxresponse_1\" class=\"ajaxresponse ajaxresponse_1 hidden\"><\/div><\/p><\/div><\/div><\/div><\/div><!-- close content main div --><\/div><\/div><div id='after_section_1' class='main_color av_default_container_wrap container_wrap sidebar_right'   ><div class='container' ><div class='template-page content  av-content-small alpha units'><div class='post-entry post-entry-type-page post-entry-74'><div class='entry-content-wrapper clearfix'>\n","protected":false},"excerpt":{"rendered":"","protected":false},"author":1,"featured_media":0,"parent":0,"menu_order":0,"comment_status":"closed","ping_status":"closed","template":"","meta":{"footnotes":""},"class_list":["post-74","page","type-page","status-publish","hentry"],"acf":[],"_links":{"self":[{"href":"https:\/\/www.salusottawa.org\/fr\/wp-json\/wp\/v2\/pages\/74","targetHints":{"allow":["GET"]}}],"collection":[{"href":"https:\/\/www.salusottawa.org\/fr\/wp-json\/wp\/v2\/pages"}],"about":[{"href":"https:\/\/www.salusottawa.org\/fr\/wp-json\/wp\/v2\/types\/page"}],"author":[{"embeddable":true,"href":"https:\/\/www.salusottawa.org\/fr\/wp-json\/wp\/v2\/users\/1"}],"replies":[{"embeddable":true,"href":"https:\/\/www.salusottawa.org\/fr\/wp-json\/wp\/v2\/comments?post=74"}],"version-history":[{"count":14,"href":"https:\/\/www.salusottawa.org\/fr\/wp-json\/wp\/v2\/pages\/74\/revisions"}],"predecessor-version":[{"id":2037,"href":"https:\/\/www.salusottawa.org\/fr\/wp-json\/wp\/v2\/pages\/74\/revisions\/2037"}],"wp:attachment":[{"href":"https:\/\/www.salusottawa.org\/fr\/wp-json\/wp\/v2\/media?parent=74"}],"curies":[{"name":"wp","href":"https:\/\/api.w.org\/{rel}","templated":true}]}}