{"id":737,"date":"2018-12-13T15:15:33","date_gmt":"2018-12-13T15:15:33","guid":{"rendered":"http:\/\/www.salusottawa.org\/fr\/?page_id=737"},"modified":"2022-03-28T21:20:02","modified_gmt":"2022-03-28T21:20:02","slug":"donate-a-car","status":"publish","type":"page","link":"https:\/\/www.salusottawa.org\/fr\/donate-a-car\/","title":{"rendered":"Don de votre voiture"},"content":{"rendered":"<h2>Donate a Car Canada accepte les dons de v\u00e9hicules pour Ottawa Salus &#8211; qu&#8217;ils soient en marche ou non ! Vieux ou neuf !<\/h2>\n<p>Lorsque vous donnez votre voiture, votre camion, votre v\u00e9hicule r\u00e9cr\u00e9atif, votre bateau ou votre moto \u00e0 Ottawa Salus, Donate A Car Canada facilitera tous les aspects de votre don, de la cueillette \u00e0 la vente finale. Et ils s&#8217;assureront que votre v\u00e9hicule est vendu au meilleur prix. Vous recevrez un re\u00e7u aux fins de l&#8217;imp\u00f4t dans les deux semaines suivant la r\u00e9ception de votre don par Salus et vous pourrez vous sentir bien en sachant que votre don aidera des personnes atteintes d&#8217;une maladie mentale grave et persistante \u00e0 trouver de l&#8217;espoir et un foyer.<\/p>\n<p><a href=\"https:\/\/donatecar.ca\/org\/charitypage\/donate.php?charity=OttawaSalus\">Veuillez cliquer ici pour faire don d&#8217;un v\u00e9hicule<\/a>.<\/p>\n<p>(Nous nous excusons; ce site web n\u2019est disponible qu\u2019en anglais.)<\/p>\n","protected":false},"excerpt":{"rendered":"<p>Donate a Car Canada accepte les dons de v\u00e9hicules pour Ottawa Salus &#8211; qu&#8217;ils soient en marche ou non ! Vieux ou neuf ! Lorsque vous donnez votre voiture, votre camion, votre v\u00e9hicule r\u00e9cr\u00e9atif, votre bateau ou votre moto \u00e0 Ottawa Salus, Donate A Car Canada facilitera tous les aspects de votre don, de la [&hellip;]<\/p>\n","protected":false},"author":1,"featured_media":0,"parent":0,"menu_order":0,"comment_status":"closed","ping_status":"closed","template":"","meta":{"footnotes":""},"class_list":["post-737","page","type-page","status-publish","hentry"],"acf":[],"_links":{"self":[{"href":"https:\/\/www.salusottawa.org\/fr\/wp-json\/wp\/v2\/pages\/737","targetHints":{"allow":["GET"]}}],"collection":[{"href":"https:\/\/www.salusottawa.org\/fr\/wp-json\/wp\/v2\/pages"}],"about":[{"href":"https:\/\/www.salusottawa.org\/fr\/wp-json\/wp\/v2\/types\/page"}],"author":[{"embeddable":true,"href":"https:\/\/www.salusottawa.org\/fr\/wp-json\/wp\/v2\/users\/1"}],"replies":[{"embeddable":true,"href":"https:\/\/www.salusottawa.org\/fr\/wp-json\/wp\/v2\/comments?post=737"}],"version-history":[{"count":5,"href":"https:\/\/www.salusottawa.org\/fr\/wp-json\/wp\/v2\/pages\/737\/revisions"}],"predecessor-version":[{"id":1338,"href":"https:\/\/www.salusottawa.org\/fr\/wp-json\/wp\/v2\/pages\/737\/revisions\/1338"}],"wp:attachment":[{"href":"https:\/\/www.salusottawa.org\/fr\/wp-json\/wp\/v2\/media?parent=737"}],"curies":[{"name":"wp","href":"https:\/\/api.w.org\/{rel}","templated":true}]}}