{"id":72,"date":"2018-04-13T16:06:34","date_gmt":"2018-04-13T16:06:34","guid":{"rendered":"http:\/\/www.salusottawa.org\/fr\/?page_id=72"},"modified":"2023-02-01T21:12:51","modified_gmt":"2023-02-01T21:12:51","slug":"vision-mission-et-valeurs","status":"publish","type":"page","link":"https:\/\/www.salusottawa.org\/fr\/a-propos-de-salus\/vision-mission-et-valeurs\/","title":{"rendered":"Vision, mission et valeurs"},"content":{"rendered":"<div class=\"flex_column av_three_fifth  flex_column_div av-zero-column-padding first  \" style='border-radius:0px; '><section class=\"av_textblock_section \"  itemscope=\"itemscope\" itemtype=\"https:\/\/schema.org\/CreativeWork\" ><div class='avia_textblock  '   itemprop=\"text\" ><h1>Vision, mission et valeurs<\/h1>\n<h3><strong>VISION<\/strong><\/h3>\n<p>Un logement stable pour tous et toutes.<\/p>\n<h3><strong>MISSION<\/strong><\/h3>\n<p>Nous cr\u00e9ons des possibilit\u00e9s pour les adultes ayant des probl\u00e8mes de sant\u00e9 mentale et de consommation de substances, ainsi que des d\u00e9pendances comportementales, de vivre de fa\u00e7on autonome en am\u00e9liorant l&#8217;acc\u00e8s au logement et \u00e0 un r\u00e9seau de services d&#8217;aide int\u00e9gr\u00e9s.<\/p>\n<h3><strong>VALEURS<\/strong><\/h3>\n<p><span style=\"text-decoration: underline;\">Bien-\u00eatre<\/span><\/p>\n<p>Gr\u00e2ce au mentorat et \u00e0 l\u2019encadrement, nous instaurerons une culture intentionnelle qui favorise le bien-\u00eatre et l\u2019autogestion de la sant\u00e9 de notre personnel et de notre client\u00e8le afin de maintenir et d\u2019am\u00e9liorer leur r\u00e9tablissement, leur r\u00e9silience, leur \u00e9panouissement et leur productivit\u00e9 et de pr\u00e9server leur sant\u00e9 physique, mentale et \u00e9motionnelle.<\/p>\n<p><u>Promotion de la diversit\u00e9<\/u><\/p>\n<p>Nous instaurerons une culture de respect, d\u2019autonomisation et de confiance afin de c\u00e9l\u00e9brer la diversit\u00e9 de nos gens et de reconna\u00eetre leur parcours et leur v\u00e9cu.<\/p>\n<p><u>Am\u00e9lioration de la qualit\u00e9<\/u><\/p>\n<p>Nous am\u00e9liorerons nos services et nos programmes afin de r\u00e9pondre aux besoins de notre client\u00e8le et tirerons des le\u00e7ons de chaque exp\u00e9rience.<\/p>\n<p><u>Collaboration<\/u><\/p>\n<p>Nous instaurerons une culture rassembleuse afin de creuser des id\u00e9es, de recueillir des commentaires et d\u2019avoir une incidence durable. Nous croyons que lorsque les meilleures personnes de tous horizons ont la possibilit\u00e9 de travailler ensemble, les r\u00e9sultats sont extraordinairement puissants.<\/p>\n<p><u>Responsabilisation<\/u><\/p>\n<p>Nous respecterons nos engagements envers notre communaut\u00e9 et prendrons la responsabilit\u00e9 des r\u00e9sultats de toutes nos d\u00e9cisions et actions.<\/p>\n<\/div><\/section><\/div><div class=\"flex_column av_two_fifth  flex_column_div av-zero-column-padding   \" style='border-radius:0px; '><div class='avia-image-container  av-styling-    avia-align-center '  itemscope=\"itemscope\" itemtype=\"https:\/\/schema.org\/ImageObject\"  ><div class='avia-image-container-inner'><img class='avia_image ' src='https:\/\/www.salusottawa.org\/fr\/wp-content\/uploads\/sites\/3\/2018\/04\/Cooper-40-Copy-773x1030.jpg' alt='' title='OLYMPUS DIGITAL CAMERA'   itemprop=\"thumbnailUrl\"  \/><\/div><\/div><\/div><\/p>\n","protected":false},"excerpt":{"rendered":"","protected":false},"author":1,"featured_media":0,"parent":10,"menu_order":0,"comment_status":"closed","ping_status":"closed","template":"","meta":{"footnotes":""},"class_list":["post-72","page","type-page","status-publish","hentry"],"acf":[],"_links":{"self":[{"href":"https:\/\/www.salusottawa.org\/fr\/wp-json\/wp\/v2\/pages\/72","targetHints":{"allow":["GET"]}}],"collection":[{"href":"https:\/\/www.salusottawa.org\/fr\/wp-json\/wp\/v2\/pages"}],"about":[{"href":"https:\/\/www.salusottawa.org\/fr\/wp-json\/wp\/v2\/types\/page"}],"author":[{"embeddable":true,"href":"https:\/\/www.salusottawa.org\/fr\/wp-json\/wp\/v2\/users\/1"}],"replies":[{"embeddable":true,"href":"https:\/\/www.salusottawa.org\/fr\/wp-json\/wp\/v2\/comments?post=72"}],"version-history":[{"count":9,"href":"https:\/\/www.salusottawa.org\/fr\/wp-json\/wp\/v2\/pages\/72\/revisions"}],"predecessor-version":[{"id":1660,"href":"https:\/\/www.salusottawa.org\/fr\/wp-json\/wp\/v2\/pages\/72\/revisions\/1660"}],"up":[{"embeddable":true,"href":"https:\/\/www.salusottawa.org\/fr\/wp-json\/wp\/v2\/pages\/10"}],"wp:attachment":[{"href":"https:\/\/www.salusottawa.org\/fr\/wp-json\/wp\/v2\/media?parent=72"}],"curies":[{"name":"wp","href":"https:\/\/api.w.org\/{rel}","templated":true}]}}