{"id":678,"date":"2018-08-24T17:16:11","date_gmt":"2018-08-24T17:16:11","guid":{"rendered":"http:\/\/www.salusottawa.org\/fr\/?page_id=678"},"modified":"2025-11-18T17:06:40","modified_gmt":"2025-11-18T17:06:40","slug":"stock-transfer","status":"publish","type":"page","link":"https:\/\/www.salusottawa.org\/fr\/stock-transfer\/","title":{"rendered":"Don de titres"},"content":{"rendered":"<div class=\"flex_column av_two_third  flex_column_div av-zero-column-padding first  \" style='border-radius:0px; '><section class=\"av_textblock_section \"  itemscope=\"itemscope\" itemtype=\"https:\/\/schema.org\/CreativeWork\" ><div class='avia_textblock  '   itemprop=\"text\" ><h4><strong>Don de titres (valeurs mobili\u00e8res)<\/strong><\/h4>\n<p>Vous pouvez donner des titres cot\u00e9s en bourse (actions, obligations, parts de fonds communs de placement et autres titres n\u00e9gociables) \u00e0 Salus sans payer l\u2019imp\u00f4t sur les plus-values sur ces titres.<\/p>\n<p>Si vous souhaitez faire don de titres ou si vous agissez au nom d\u2019un donateur qui envisage de le faire, veuillez remplir le formulaire de transfert de titres ci-dessous.<\/p>\n<p><em>Nous vous recommandons de discuter de ce type de don avec votre conseiller financier et vos proches. <\/em><\/p>\n<\/div><\/section><\/div>\n<div class=\"flex_column av_one_third  flex_column_div av-zero-column-padding   \" style='border-radius:0px; '><div class='avia-image-container  av-styling-    avia-align-center '  itemscope=\"itemscope\" itemtype=\"https:\/\/schema.org\/ImageObject\"  ><div class='avia-image-container-inner'><img class='avia_image ' src='https:\/\/www.salusottawa.org\/fr\/wp-content\/uploads\/sites\/3\/2018\/08\/stock-1030x773.jpg' alt='' title='stock'   itemprop=\"thumbnailUrl\"  \/><\/div><\/div><\/div>\n<div class='avia-button-wrap avia-button-center '><a href='http:\/\/www.salusottawa.org\/fr\/wp-content\/uploads\/sites\/3\/2025\/11\/Gift-of-Securities-Transfer-Form_Nov-2025_Fillable.pdf' class='avia-button   avia-icon_select-no avia-color-theme-color avia-size-large avia-position-center '  target=\"_blank\"   ><span class='avia_iconbox_title' >T\u00e9l\u00e9chargez le formulaire de transfert de titres.<\/span><\/a><\/div>\n","protected":false},"excerpt":{"rendered":"","protected":false},"author":1,"featured_media":0,"parent":0,"menu_order":0,"comment_status":"closed","ping_status":"closed","template":"","meta":{"footnotes":""},"class_list":["post-678","page","type-page","status-publish","hentry"],"acf":[],"_links":{"self":[{"href":"https:\/\/www.salusottawa.org\/fr\/wp-json\/wp\/v2\/pages\/678","targetHints":{"allow":["GET"]}}],"collection":[{"href":"https:\/\/www.salusottawa.org\/fr\/wp-json\/wp\/v2\/pages"}],"about":[{"href":"https:\/\/www.salusottawa.org\/fr\/wp-json\/wp\/v2\/types\/page"}],"author":[{"embeddable":true,"href":"https:\/\/www.salusottawa.org\/fr\/wp-json\/wp\/v2\/users\/1"}],"replies":[{"embeddable":true,"href":"https:\/\/www.salusottawa.org\/fr\/wp-json\/wp\/v2\/comments?post=678"}],"version-history":[{"count":8,"href":"https:\/\/www.salusottawa.org\/fr\/wp-json\/wp\/v2\/pages\/678\/revisions"}],"predecessor-version":[{"id":2175,"href":"https:\/\/www.salusottawa.org\/fr\/wp-json\/wp\/v2\/pages\/678\/revisions\/2175"}],"wp:attachment":[{"href":"https:\/\/www.salusottawa.org\/fr\/wp-json\/wp\/v2\/media?parent=678"}],"curies":[{"name":"wp","href":"https:\/\/api.w.org\/{rel}","templated":true}]}}