{"id":677,"date":"2018-08-24T17:56:15","date_gmt":"2018-08-24T17:56:15","guid":{"rendered":"http:\/\/www.salusottawa.org\/fr\/?page_id=677"},"modified":"2021-11-12T21:16:59","modified_gmt":"2021-11-12T21:16:59","slug":"one-time-gift","status":"publish","type":"page","link":"https:\/\/www.salusottawa.org\/fr\/one-time-gift\/","title":{"rendered":"Don unique"},"content":{"rendered":"<div class=\"flex_column av_two_third  flex_column_div av-zero-column-padding first  \" style='border-radius:0px; '><section class=\"av_textblock_section \"  itemscope=\"itemscope\" itemtype=\"https:\/\/schema.org\/CreativeWork\" ><div class='avia_textblock  '   itemprop=\"text\" ><h3><strong>Un cadeau d&#8217;espoir\u00a0<\/strong><\/h3>\n<p>Chez Salus, nous pensons que tout le monde m\u00e9rite de vivre dans un logement s\u00fbr et confortable. Et les personnes vivant avec une maladie mentale ne font pas exception &#8211; en fait, elles sont la priorit\u00e9. Gr\u00e2ce \u00e0 votre soutien, nous pouvons fournir des logements supervis\u00e9s abordables \u00e0 ceux qui en ont le plus besoin, dont beaucoup \u00e9taient auparavant sans abri ou \u00e0 haut risque de le devenir. Votre don d\u2019aujourd\u2019hui permettra de financer d\u2019importants programmes et services de sant\u00e9 mentale destin\u00e9s aux personnes atteintes de maladie mentale dans leur cheminement vers le bien-\u00eatre et le r\u00e9tablissement.<\/p>\n<p><strong>Pour faire un don en ligne<\/strong><strong>, <\/strong><a href=\"http:\/\/weblink.donorperfect.com\/salusgiftfre\"><strong><u>cliquer ici<\/u><\/strong><\/a><strong>.<\/strong><\/p>\n<div class=\"su-spacer\"><\/div>\n<p>Voici l\u2018adresse pour envoyer votre don par la poste\u00a0:<\/p>\n<p>SALUS OTTAWA<br \/>\n2000, rue Scott<br \/>\nOttawa (Ontario)<br \/>\nK1Z 6T2<\/p>\n<p>T\u00e9l\u00e9phone\u00a0: 613-729-0123<br \/>\nou <u><a href=\"mailto:hope@salusottawa.org\">envoyez nous un courriel<\/a><\/u><\/p>\n<\/div><\/section><\/div>\n<div class=\"flex_column av_one_third  flex_column_div av-zero-column-padding   \" style='border-radius:0px; '><div class='avia-image-container  av-styling-    avia-align-center '  itemscope=\"itemscope\" itemtype=\"https:\/\/schema.org\/ImageObject\"  ><div class='avia-image-container-inner'><img class='avia_image ' src='https:\/\/www.salusottawa.org\/fr\/wp-content\/uploads\/sites\/3\/2021\/11\/Consented-image_Marcel-Jubinville_RESIZED-300x225.png' alt='' title='Consented image_Marcel Jubinville_RESIZED'   itemprop=\"thumbnailUrl\"  \/><\/div><\/div><\/div>\n","protected":false},"excerpt":{"rendered":"","protected":false},"author":1,"featured_media":0,"parent":0,"menu_order":0,"comment_status":"closed","ping_status":"closed","template":"","meta":{"footnotes":""},"class_list":["post-677","page","type-page","status-publish","hentry"],"acf":[],"_links":{"self":[{"href":"https:\/\/www.salusottawa.org\/fr\/wp-json\/wp\/v2\/pages\/677","targetHints":{"allow":["GET"]}}],"collection":[{"href":"https:\/\/www.salusottawa.org\/fr\/wp-json\/wp\/v2\/pages"}],"about":[{"href":"https:\/\/www.salusottawa.org\/fr\/wp-json\/wp\/v2\/types\/page"}],"author":[{"embeddable":true,"href":"https:\/\/www.salusottawa.org\/fr\/wp-json\/wp\/v2\/users\/1"}],"replies":[{"embeddable":true,"href":"https:\/\/www.salusottawa.org\/fr\/wp-json\/wp\/v2\/comments?post=677"}],"version-history":[{"count":7,"href":"https:\/\/www.salusottawa.org\/fr\/wp-json\/wp\/v2\/pages\/677\/revisions"}],"predecessor-version":[{"id":1159,"href":"https:\/\/www.salusottawa.org\/fr\/wp-json\/wp\/v2\/pages\/677\/revisions\/1159"}],"wp:attachment":[{"href":"https:\/\/www.salusottawa.org\/fr\/wp-json\/wp\/v2\/media?parent=677"}],"curies":[{"name":"wp","href":"https:\/\/api.w.org\/{rel}","templated":true}]}}