{"id":676,"date":"2018-08-24T17:42:46","date_gmt":"2018-08-24T17:42:46","guid":{"rendered":"http:\/\/www.salusottawa.org\/fr\/?page_id=676"},"modified":"2021-11-12T20:23:58","modified_gmt":"2021-11-12T20:23:58","slug":"monthly-giving","status":"publish","type":"page","link":"https:\/\/www.salusottawa.org\/fr\/monthly-giving\/","title":{"rendered":"Dons mensuels"},"content":{"rendered":"<div class=\"flex_column av_three_fifth  flex_column_div av-zero-column-padding first  \" style='border-radius:0px; '><section class=\"av_textblock_section \"  itemscope=\"itemscope\" itemtype=\"https:\/\/schema.org\/CreativeWork\" ><div class='avia_textblock  '   itemprop=\"text\" ><h3 data-wahfont=\"19\">Dons mensuels<\/h3>\n<p><!--more--><\/p>\n<h4 data-wahfont=\"19\">Offrez un don d\u2019espoir toute l&#8217;ann\u00e9e!<\/h4>\n<p>Notre programme de dons mensuels <strong><em>Donneurs d\u2019espoir<\/em><\/strong> est une mani\u00e8re significative de fournir un soutien aux personnes atteintes d\u2019une maladie mentale dans notre communaut\u00e9 tout au long de l\u2019ann\u00e9e. Votre don mensuel permet de garantir que, m\u00eame en p\u00e9riode de crise ou d\u2019incertitude, nos clients continuent de b\u00e9n\u00e9ficier de services de logement et de soutien essentiels.<\/p>\n<p data-wahfont=\"15\"><strong><br \/>\nRemarques importantes\u00a0:<\/strong><\/p>\n<ul>\n<li>Votre don sera automatiquement d\u00e9bit\u00e9 de votre carte de cr\u00e9dit le m\u00eame jour chaque mois<\/li>\n<li>Vous recevrez un re\u00e7u fiscal consolid\u00e9 pour le montant total de vos dons mensuels <strong><em>Donneur d\u2019espoir <\/em><\/strong>au debut de chaque ann\u00e9 civile<\/li>\n<li>Vous pouvez \u00eatre tranquille en sachant que votre don mensuel peut \u00eatre modifi\u00e9 ou annul\u00e9 \u00e0 tout moment<\/li>\n<\/ul>\n<\/div><\/section><\/div><div class=\"flex_column av_two_fifth  flex_column_div av-zero-column-padding   \" style='border-radius:0px; '><div class='avia-image-container  av-styling-    avia-align-center '  itemscope=\"itemscope\" itemtype=\"https:\/\/schema.org\/ImageObject\"  ><div class='avia-image-container-inner'><img class='avia_image ' src='https:\/\/www.salusottawa.org\/fr\/wp-content\/uploads\/sites\/3\/2018\/07\/Race-day-Hintonburg-300x225.jpg' alt='' title='Race day Hintonburg'   itemprop=\"thumbnailUrl\"  \/><\/div><\/div><\/div><\/p>\n<div class='avia-button-wrap avia-button-center '><a href='http:\/\/weblink.donorperfect.com\/salusmonthlyfre' class='avia-button   avia-icon_select-no avia-color-theme-color avia-size-large avia-position-center '   ><span class='avia_iconbox_title' >Oui, je souhaite faire un don mensuel.<\/span><\/a><\/div>\n","protected":false},"excerpt":{"rendered":"<p>Dons mensuels<\/p>\n","protected":false},"author":1,"featured_media":0,"parent":0,"menu_order":0,"comment_status":"closed","ping_status":"closed","template":"","meta":{"footnotes":""},"class_list":["post-676","page","type-page","status-publish","hentry"],"acf":[],"_links":{"self":[{"href":"https:\/\/www.salusottawa.org\/fr\/wp-json\/wp\/v2\/pages\/676","targetHints":{"allow":["GET"]}}],"collection":[{"href":"https:\/\/www.salusottawa.org\/fr\/wp-json\/wp\/v2\/pages"}],"about":[{"href":"https:\/\/www.salusottawa.org\/fr\/wp-json\/wp\/v2\/types\/page"}],"author":[{"embeddable":true,"href":"https:\/\/www.salusottawa.org\/fr\/wp-json\/wp\/v2\/users\/1"}],"replies":[{"embeddable":true,"href":"https:\/\/www.salusottawa.org\/fr\/wp-json\/wp\/v2\/comments?post=676"}],"version-history":[{"count":9,"href":"https:\/\/www.salusottawa.org\/fr\/wp-json\/wp\/v2\/pages\/676\/revisions"}],"predecessor-version":[{"id":1147,"href":"https:\/\/www.salusottawa.org\/fr\/wp-json\/wp\/v2\/pages\/676\/revisions\/1147"}],"wp:attachment":[{"href":"https:\/\/www.salusottawa.org\/fr\/wp-json\/wp\/v2\/media?parent=676"}],"curies":[{"name":"wp","href":"https:\/\/api.w.org\/{rel}","templated":true}]}}