{"id":675,"date":"2018-08-24T17:52:29","date_gmt":"2018-08-24T17:52:29","guid":{"rendered":"http:\/\/www.salusottawa.org\/fr\/?page_id=675"},"modified":"2021-11-12T21:08:15","modified_gmt":"2021-11-12T21:08:15","slug":"in-memorium-in-honour","status":"publish","type":"page","link":"https:\/\/www.salusottawa.org\/fr\/in-memorium-in-honour\/","title":{"rendered":"Don comm\u00e9moratif ou don honorifique"},"content":{"rendered":"<div class=\"flex_column av_two_third  flex_column_div av-zero-column-padding first  \" style='border-radius:0px; '><section class=\"av_textblock_section \"  itemscope=\"itemscope\" itemtype=\"https:\/\/schema.org\/CreativeWork\" ><div class='avia_textblock  '   itemprop=\"text\" ><h4 data-wahfont=\"19\">Dons comm\u00e9moratifs<\/h4>\n<p>Votre don \u00e0 la m\u00e9moire d\u2019un ami ou d\u2019un \u00eatre cher est une belle fa\u00e7on de c\u00e9l\u00e9brer sa vie. Avec chaque don, vous avez la possibilit\u00e9 d\u2019envoyer une carte au plus proche parent. Le montant des dons reste strictement confidentiel.<\/p>\n<\/div><\/section><\/div><div class=\"flex_column av_one_third  flex_column_div av-zero-column-padding   \" style='border-radius:0px; '><div class='avia-image-container  av-styling-    avia-align-center '  itemscope=\"itemscope\" itemtype=\"https:\/\/schema.org\/ImageObject\"  ><div class='avia-image-container-inner'><img class='avia_image ' src='http:\/\/www.salusottawa.org\/wp-content\/uploads\/2018\/08\/candle-1-1030x687.jpg' alt='' title=''   itemprop=\"thumbnailUrl\"  \/><\/div><\/div><\/div><\/p>\n<div class='avia-button-wrap avia-button-center '><a href='http:\/\/weblink.donorperfect.com\/salusottawafr' class='avia-button   avia-icon_select-no avia-color-theme-color avia-size-large avia-position-center '   ><span class='avia_iconbox_title' >Oui, j\u2019aimerais faire un don comm\u00e9moratif<\/span><\/a><\/div>\n<div style='height:50px' class='hr hr-invisible  '><span class='hr-inner ' ><span class='hr-inner-style'><\/span><\/span><\/div>\n<div class=\"flex_column av_two_third  flex_column_div av-zero-column-padding first  \" style='border-radius:0px; '><section class=\"av_textblock_section \"  itemscope=\"itemscope\" itemtype=\"https:\/\/schema.org\/CreativeWork\" ><div class='avia_textblock  '   itemprop=\"text\" ><h4>Dons honorifiques<\/h4>\n<p>Votre don peut \u00e9galement servir \u00e0 c\u00e9l\u00e9brer un \u00eatre cher ou \u00e0 comm\u00e9morer une occasion sp\u00e9ciale. Avec chaque don, vous avez la possibilit\u00e9 d\u2019envoyer une carte \u00e0 la personne concern\u00e9e pour la remercier de son don et c\u00e9l\u00e9brer l\u2019\u00e9v\u00e9nement sp\u00e9cial. Le montant des dons reste strictement confidentiel.<\/p>\n<\/div><\/section><\/div><div class=\"flex_column av_one_third  flex_column_div av-zero-column-padding   \" style='border-radius:0px; '><div class='avia-image-container  av-styling-    avia-align-center '  itemscope=\"itemscope\" itemtype=\"https:\/\/schema.org\/ImageObject\"  ><div class='avia-image-container-inner'><img class='avia_image ' src='http:\/\/www.salusottawa.org\/wp-content\/uploads\/2018\/08\/anniversary-birthday-blue-264787-1030x773.jpg' alt='' title=''   itemprop=\"thumbnailUrl\"  \/><\/div><\/div><\/div><\/p>\n<div class='avia-button-wrap avia-button-center '><a href='http:\/\/weblink.donorperfect.com\/salusottawafr' class='avia-button   avia-icon_select-no avia-color-theme-color avia-size-large avia-position-center '   ><span class='avia_iconbox_title' >Oui, j\u2019aimerais faire un don d\u2019honneur<\/span><\/a><\/div>\n","protected":false},"excerpt":{"rendered":"","protected":false},"author":1,"featured_media":0,"parent":0,"menu_order":0,"comment_status":"closed","ping_status":"closed","template":"","meta":{"footnotes":""},"class_list":["post-675","page","type-page","status-publish","hentry"],"acf":[],"_links":{"self":[{"href":"https:\/\/www.salusottawa.org\/fr\/wp-json\/wp\/v2\/pages\/675","targetHints":{"allow":["GET"]}}],"collection":[{"href":"https:\/\/www.salusottawa.org\/fr\/wp-json\/wp\/v2\/pages"}],"about":[{"href":"https:\/\/www.salusottawa.org\/fr\/wp-json\/wp\/v2\/types\/page"}],"author":[{"embeddable":true,"href":"https:\/\/www.salusottawa.org\/fr\/wp-json\/wp\/v2\/users\/1"}],"replies":[{"embeddable":true,"href":"https:\/\/www.salusottawa.org\/fr\/wp-json\/wp\/v2\/comments?post=675"}],"version-history":[{"count":6,"href":"https:\/\/www.salusottawa.org\/fr\/wp-json\/wp\/v2\/pages\/675\/revisions"}],"predecessor-version":[{"id":1149,"href":"https:\/\/www.salusottawa.org\/fr\/wp-json\/wp\/v2\/pages\/675\/revisions\/1149"}],"wp:attachment":[{"href":"https:\/\/www.salusottawa.org\/fr\/wp-json\/wp\/v2\/media?parent=675"}],"curies":[{"name":"wp","href":"https:\/\/api.w.org\/{rel}","templated":true}]}}