{"id":674,"date":"2018-08-24T17:38:19","date_gmt":"2018-08-24T17:38:19","guid":{"rendered":"http:\/\/www.salusottawa.org\/fr\/?page_id=674"},"modified":"2022-01-17T16:59:36","modified_gmt":"2022-01-17T16:59:36","slug":"give-through-your-will","status":"publish","type":"page","link":"https:\/\/www.salusottawa.org\/fr\/give-through-your-will\/","title":{"rendered":"Don testamentaire"},"content":{"rendered":"<div class=\"flex_column av_two_third  flex_column_div av-zero-column-padding first  \" style='border-radius:0px; '><section class=\"av_textblock_section \"  itemscope=\"itemscope\" itemtype=\"https:\/\/schema.org\/CreativeWork\" ><div class='avia_textblock  '   itemprop=\"text\" ><h1>Un cadeau aujourd\u2019hui pour un avenir plus radieux demain<\/h1>\n<p>Croyez-vous, comme nous, que toutes les personnes aux prises avec une maladie mentale m\u00e9ritent un endroit s\u00fbr et digne o\u00f9 se r\u00e9fugier\u2009? Que diriez-vous de veiller \u00e0 ce que les programmes et les services dont ils ont besoin pour favoriser leur bien-\u00eatre et leur r\u00e9tablissement perdurent m\u00eame apr\u00e8s votre d\u00e9part\u2009?<\/p>\n<p>Un don testamentaire \u00e0 Salus est une fa\u00e7on significative d\u2019avoir un impact durable sur les personnes de notre communaut\u00e9 qui ont besoin d\u2019un coup de pouce, et non d\u2019une main tendue. Pour en savoir plus sur la fa\u00e7on de faire un don testamentaire \u00e0 Salus, veuillez communiquer avec Heather Brown, gestionnaire principale, Philanthropie.<\/p>\n<p><a href=\"http:\/\/mail to: hbrow@salusottawa.org\"><span style=\"font-weight: 400;\">Communiquer avec Heather Brown par t\u00e9l\u00e9phone au 613-729-0123, poste 2502<\/span>\u00a0<span style=\"font-weight: 400;\">our par courriel \u00e0 <\/span>hbrown@salusottawa.org<\/a><\/p>\n<p><em>Nous vous recommandons de discuter de ce type de don avec votre conseiller financier et vos proches. <\/em><\/p>\n<\/div><\/section><\/div><div class=\"flex_column av_one_third  flex_column_div av-zero-column-padding   \" style='border-radius:0px; '><div class='avia-image-container  av-styling-    avia-align-center '  itemscope=\"itemscope\" itemtype=\"https:\/\/schema.org\/ImageObject\"  ><div class='avia-image-container-inner'><img class='avia_image ' src='https:\/\/www.salusottawa.org\/fr\/wp-content\/uploads\/sites\/3\/2021\/11\/anthony-metcalfe-QQsRTGAZp9o-unsplash-300x200.jpg' alt='' title='anthony-metcalfe-QQsRTGAZp9o-unsplash'   itemprop=\"thumbnailUrl\"  \/><\/div><\/div><\/div><\/p>\n","protected":false},"excerpt":{"rendered":"","protected":false},"author":1,"featured_media":0,"parent":0,"menu_order":0,"comment_status":"closed","ping_status":"closed","template":"","meta":{"footnotes":""},"class_list":["post-674","page","type-page","status-publish","hentry"],"acf":[],"_links":{"self":[{"href":"https:\/\/www.salusottawa.org\/fr\/wp-json\/wp\/v2\/pages\/674","targetHints":{"allow":["GET"]}}],"collection":[{"href":"https:\/\/www.salusottawa.org\/fr\/wp-json\/wp\/v2\/pages"}],"about":[{"href":"https:\/\/www.salusottawa.org\/fr\/wp-json\/wp\/v2\/types\/page"}],"author":[{"embeddable":true,"href":"https:\/\/www.salusottawa.org\/fr\/wp-json\/wp\/v2\/users\/1"}],"replies":[{"embeddable":true,"href":"https:\/\/www.salusottawa.org\/fr\/wp-json\/wp\/v2\/comments?post=674"}],"version-history":[{"count":7,"href":"https:\/\/www.salusottawa.org\/fr\/wp-json\/wp\/v2\/pages\/674\/revisions"}],"predecessor-version":[{"id":1267,"href":"https:\/\/www.salusottawa.org\/fr\/wp-json\/wp\/v2\/pages\/674\/revisions\/1267"}],"wp:attachment":[{"href":"https:\/\/www.salusottawa.org\/fr\/wp-json\/wp\/v2\/media?parent=674"}],"curies":[{"name":"wp","href":"https:\/\/api.w.org\/{rel}","templated":true}]}}