{"id":67,"date":"2018-04-13T15:05:58","date_gmt":"2018-04-13T15:05:58","guid":{"rendered":"http:\/\/www.salusottawa.org\/fr\/?page_id=67"},"modified":"2024-09-12T14:12:12","modified_gmt":"2024-09-12T14:12:12","slug":"carrieres","status":"publish","type":"page","link":"https:\/\/www.salusottawa.org\/fr\/a-propos-de-salus\/carrieres\/","title":{"rendered":"Carri\u00e8res"},"content":{"rendered":"<div class=\"flex_column av_three_fifth  flex_column_div av-zero-column-padding first  \" style='border-radius:0px; '><section class=\"av_textblock_section \"  itemscope=\"itemscope\" itemtype=\"https:\/\/schema.org\/CreativeWork\" ><div class='avia_textblock  '   itemprop=\"text\" ><div class=\"col-sm-8\">\n<h1>Carri\u00e8res<\/h1>\n<p>Salus a fait ses preuves en mati\u00e8re de soutien aux clients atteintes de maladies mentales et de d\u00e9pendances graves et persistantes, afin qu\u2019ils puissent vivre au mieux. Quel que soit leur r\u00f4le dans l\u2019organisation, les membres de notre personnel sont passionn\u00e9s par leur travail et par le soutien qu\u2019ils apportent \u00e0 leurs clients sur la voie du r\u00e9tablissement. Ils savent qu\u2019ils ont un impact sur la vie de leurs clients et d\u00e9clarent r\u00e9guli\u00e8rement que travailler ici est une exp\u00e9rience enrichissante. Si vous \u00eates quelqu\u2019un qui veut rendre le monde meilleur et apporter de l\u2019espoir aux autres, vous adorerez travailler ici.<\/p>\n<p>Nous proposons tous ces services et bien d\u2019autres encore, notamment :<\/p>\n<ul>\n<li>Des salaires comp\u00e9titifs<\/li>\n<li>Avantages sociaux et r\u00e9gime de retraite g\u00e9n\u00e9reux (HOOPP)<\/li>\n<li>Semaine de travail comprim\u00e9e<\/li>\n<li>Jours de vacances pay\u00e9s<\/li>\n<li>Une \u00e9quipe sympathique qui cr\u00e9e un excellent environnement de travail<\/li>\n<\/ul>\n<p>Salus Ottawa souhaite toujours entendre des personnes qualifi\u00e9es.<\/p>\n<h4><\/h4>\n<\/div>\n<div class=\"col-sm-8\"><\/div>\n<div class=\"col-sm-8\"><\/div>\n<div class=\"col-sm-8\"><\/div>\n<p><iframe style=\"border: none; width: 100%; height: 1000px;\" src=\"https:\/\/jobs.dayforcehcm.com\/fr-CA\/ottawasalus\/CANDIDATEPORTAL\"><\/iframe><\/p>\n<\/div><\/section><\/div><div class=\"flex_column av_two_fifth  flex_column_div av-zero-column-padding   \" style='border-radius:0px; '><div class='avia-image-container  av-styling-    avia-align-center '  itemscope=\"itemscope\" itemtype=\"https:\/\/schema.org\/ImageObject\"  ><div class='avia-image-container-inner'><img class='avia_image ' src='https:\/\/www.salusottawa.org\/fr\/wp-content\/uploads\/sites\/3\/2018\/04\/Cooper-40-Copy-773x1030.jpg' alt='' title='OLYMPUS DIGITAL CAMERA'   itemprop=\"thumbnailUrl\"  \/><\/div><\/div><\/div><\/p>\n","protected":false},"excerpt":{"rendered":"","protected":false},"author":1,"featured_media":0,"parent":10,"menu_order":0,"comment_status":"closed","ping_status":"closed","template":"","meta":{"footnotes":""},"class_list":["post-67","page","type-page","status-publish","hentry"],"acf":[],"_links":{"self":[{"href":"https:\/\/www.salusottawa.org\/fr\/wp-json\/wp\/v2\/pages\/67","targetHints":{"allow":["GET"]}}],"collection":[{"href":"https:\/\/www.salusottawa.org\/fr\/wp-json\/wp\/v2\/pages"}],"about":[{"href":"https:\/\/www.salusottawa.org\/fr\/wp-json\/wp\/v2\/types\/page"}],"author":[{"embeddable":true,"href":"https:\/\/www.salusottawa.org\/fr\/wp-json\/wp\/v2\/users\/1"}],"replies":[{"embeddable":true,"href":"https:\/\/www.salusottawa.org\/fr\/wp-json\/wp\/v2\/comments?post=67"}],"version-history":[{"count":72,"href":"https:\/\/www.salusottawa.org\/fr\/wp-json\/wp\/v2\/pages\/67\/revisions"}],"predecessor-version":[{"id":1954,"href":"https:\/\/www.salusottawa.org\/fr\/wp-json\/wp\/v2\/pages\/67\/revisions\/1954"}],"up":[{"embeddable":true,"href":"https:\/\/www.salusottawa.org\/fr\/wp-json\/wp\/v2\/pages\/10"}],"wp:attachment":[{"href":"https:\/\/www.salusottawa.org\/fr\/wp-json\/wp\/v2\/media?parent=67"}],"curies":[{"name":"wp","href":"https:\/\/api.w.org\/{rel}","templated":true}]}}