{"id":66,"date":"2018-04-13T15:01:10","date_gmt":"2018-04-13T15:01:10","guid":{"rendered":"http:\/\/www.salusottawa.org\/fr\/?page_id=66"},"modified":"2023-06-08T19:08:50","modified_gmt":"2023-06-08T19:08:50","slug":"conseil-dadministration","status":"publish","type":"page","link":"https:\/\/www.salusottawa.org\/fr\/a-propos-de-salus\/conseil-dadministration\/","title":{"rendered":"Conseil d&#8217;administration"},"content":{"rendered":"<section class=\"av_textblock_section \"  itemscope=\"itemscope\" itemtype=\"https:\/\/schema.org\/CreativeWork\" ><div class='avia_textblock  '   itemprop=\"text\" ><h1><strong>Conseil d&#8217;administration<\/strong><\/h1>\n<\/div><\/section>\n<section class=\"av_textblock_section \"  itemscope=\"itemscope\" itemtype=\"https:\/\/schema.org\/CreativeWork\" ><div class='avia_textblock  '   itemprop=\"text\" ><h2><strong>SALUS EST DIRIG\u00c9 PAR UN CONSEIL D&#8217;ADMINISTRATION B\u00c9N\u00c9VOLE, D\u00c9VOU\u00c9 ET ENGAG\u00c9, QUI OFFRE SON TEMPS ET SON EXPERTISE.<\/strong><\/h2>\n<\/div><\/section>\n<section class=\"av_textblock_section \"  itemscope=\"itemscope\" itemtype=\"https:\/\/schema.org\/CreativeWork\" ><div class='avia_textblock  '   itemprop=\"text\" ><div class=\"salus-people-grid\"><div class=\"salus-people-item hover-effect\" data-micromodal-trigger=\"modal-1407\" role=\"button\"><div class=\"salus-people-image\"><img loading=\"lazy\" decoding=\"async\" width=\"1030\" height=\"897\" src=\"https:\/\/www.salusottawa.org\/fr\/wp-content\/uploads\/sites\/3\/2022\/04\/Melanie-Vadeboncoeur-Updated-Photo.jpg-1030x897.jpeg\" class=\"attachment-large size-large wp-post-image\" alt=\"\" srcset=\"https:\/\/www.salusottawa.org\/fr\/wp-content\/uploads\/sites\/3\/2022\/04\/Melanie-Vadeboncoeur-Updated-Photo.jpg-1030x897.jpeg 1030w, https:\/\/www.salusottawa.org\/fr\/wp-content\/uploads\/sites\/3\/2022\/04\/Melanie-Vadeboncoeur-Updated-Photo.jpg-300x261.jpeg 300w, https:\/\/www.salusottawa.org\/fr\/wp-content\/uploads\/sites\/3\/2022\/04\/Melanie-Vadeboncoeur-Updated-Photo.jpg-768x669.jpeg 768w, https:\/\/www.salusottawa.org\/fr\/wp-content\/uploads\/sites\/3\/2022\/04\/Melanie-Vadeboncoeur-Updated-Photo.jpg-705x614.jpeg 705w, https:\/\/www.salusottawa.org\/fr\/wp-content\/uploads\/sites\/3\/2022\/04\/Melanie-Vadeboncoeur-Updated-Photo.jpg-450x392.jpeg 450w, https:\/\/www.salusottawa.org\/fr\/wp-content\/uploads\/sites\/3\/2022\/04\/Melanie-Vadeboncoeur-Updated-Photo.jpg.jpeg 1206w\" sizes=\"auto, (max-width: 1030px) 100vw, 1030px\" \/><\/div><div class=\"salus-people-content\"><div class=\"title\">M\u00e9lanie Vadeboncoeur, pr\u00e9sidente<\/div><\/div><\/div><div class=\"salus-people-item hover-effect\" data-micromodal-trigger=\"modal-1413\" role=\"button\"><div class=\"salus-people-image\"><img loading=\"lazy\" decoding=\"async\" width=\"480\" height=\"480\" src=\"https:\/\/www.salusottawa.org\/fr\/wp-content\/uploads\/sites\/3\/2022\/04\/Janet.jpg\" class=\"attachment-large size-large wp-post-image\" alt=\"\" srcset=\"https:\/\/www.salusottawa.org\/fr\/wp-content\/uploads\/sites\/3\/2022\/04\/Janet.jpg 480w, https:\/\/www.salusottawa.org\/fr\/wp-content\/uploads\/sites\/3\/2022\/04\/Janet-300x300.jpg 300w, https:\/\/www.salusottawa.org\/fr\/wp-content\/uploads\/sites\/3\/2022\/04\/Janet-80x80.jpg 80w, https:\/\/www.salusottawa.org\/fr\/wp-content\/uploads\/sites\/3\/2022\/04\/Janet-36x36.jpg 36w, https:\/\/www.salusottawa.org\/fr\/wp-content\/uploads\/sites\/3\/2022\/04\/Janet-180x180.jpg 180w, https:\/\/www.salusottawa.org\/fr\/wp-content\/uploads\/sites\/3\/2022\/04\/Janet-120x120.jpg 120w, https:\/\/www.salusottawa.org\/fr\/wp-content\/uploads\/sites\/3\/2022\/04\/Janet-450x450.jpg 450w\" sizes=\"auto, (max-width: 480px) 100vw, 480px\" \/><\/div><div class=\"salus-people-content\"><div class=\"title\">Janet Yale, ancienne pr\u00e9sidente<\/div><\/div><\/div><div class=\"salus-people-item hover-effect\" data-micromodal-trigger=\"modal-1949\" role=\"button\"><div class=\"salus-people-image\"><img loading=\"lazy\" decoding=\"async\" width=\"960\" height=\"960\" src=\"https:\/\/www.salusottawa.org\/fr\/wp-content\/uploads\/sites\/3\/2024\/09\/Candace-Sutcliffe.png\" class=\"attachment-large size-large wp-post-image\" alt=\"\" srcset=\"https:\/\/www.salusottawa.org\/fr\/wp-content\/uploads\/sites\/3\/2024\/09\/Candace-Sutcliffe.png 960w, https:\/\/www.salusottawa.org\/fr\/wp-content\/uploads\/sites\/3\/2024\/09\/Candace-Sutcliffe-300x300.png 300w, https:\/\/www.salusottawa.org\/fr\/wp-content\/uploads\/sites\/3\/2024\/09\/Candace-Sutcliffe-80x80.png 80w, https:\/\/www.salusottawa.org\/fr\/wp-content\/uploads\/sites\/3\/2024\/09\/Candace-Sutcliffe-768x768.png 768w, https:\/\/www.salusottawa.org\/fr\/wp-content\/uploads\/sites\/3\/2024\/09\/Candace-Sutcliffe-36x36.png 36w, https:\/\/www.salusottawa.org\/fr\/wp-content\/uploads\/sites\/3\/2024\/09\/Candace-Sutcliffe-180x180.png 180w, https:\/\/www.salusottawa.org\/fr\/wp-content\/uploads\/sites\/3\/2024\/09\/Candace-Sutcliffe-705x705.png 705w, https:\/\/www.salusottawa.org\/fr\/wp-content\/uploads\/sites\/3\/2024\/09\/Candace-Sutcliffe-120x120.png 120w, https:\/\/www.salusottawa.org\/fr\/wp-content\/uploads\/sites\/3\/2024\/09\/Candace-Sutcliffe-450x450.png 450w\" sizes=\"auto, (max-width: 960px) 100vw, 960px\" \/><\/div><div class=\"salus-people-content\"><div class=\"title\">Candace Sutcliffe<\/div><\/div><\/div><div class=\"salus-people-item hover-effect\" data-micromodal-trigger=\"modal-1932\" role=\"button\"><div class=\"salus-people-image\"><img loading=\"lazy\" decoding=\"async\" width=\"1016\" height=\"1030\" src=\"https:\/\/www.salusottawa.org\/fr\/wp-content\/uploads\/sites\/3\/2024\/08\/Colleen-OConnell-Campbell-New-3-1016x1030.jpg\" class=\"attachment-large size-large wp-post-image\" alt=\"\" srcset=\"https:\/\/www.salusottawa.org\/fr\/wp-content\/uploads\/sites\/3\/2024\/08\/Colleen-OConnell-Campbell-New-3-1016x1030.jpg 1016w, https:\/\/www.salusottawa.org\/fr\/wp-content\/uploads\/sites\/3\/2024\/08\/Colleen-OConnell-Campbell-New-3-296x300.jpg 296w, https:\/\/www.salusottawa.org\/fr\/wp-content\/uploads\/sites\/3\/2024\/08\/Colleen-OConnell-Campbell-New-3-80x80.jpg 80w, https:\/\/www.salusottawa.org\/fr\/wp-content\/uploads\/sites\/3\/2024\/08\/Colleen-OConnell-Campbell-New-3-768x779.jpg 768w, https:\/\/www.salusottawa.org\/fr\/wp-content\/uploads\/sites\/3\/2024\/08\/Colleen-OConnell-Campbell-New-3-1515x1536.jpg 1515w, https:\/\/www.salusottawa.org\/fr\/wp-content\/uploads\/sites\/3\/2024\/08\/Colleen-OConnell-Campbell-New-3-2019x2048.jpg 2019w, https:\/\/www.salusottawa.org\/fr\/wp-content\/uploads\/sites\/3\/2024\/08\/Colleen-OConnell-Campbell-New-3-36x36.jpg 36w, https:\/\/www.salusottawa.org\/fr\/wp-content\/uploads\/sites\/3\/2024\/08\/Colleen-OConnell-Campbell-New-3-1479x1500.jpg 1479w, https:\/\/www.salusottawa.org\/fr\/wp-content\/uploads\/sites\/3\/2024\/08\/Colleen-OConnell-Campbell-New-3-695x705.jpg 695w, https:\/\/www.salusottawa.org\/fr\/wp-content\/uploads\/sites\/3\/2024\/08\/Colleen-OConnell-Campbell-New-3-450x456.jpg 450w\" sizes=\"auto, (max-width: 1016px) 100vw, 1016px\" \/><\/div><div class=\"salus-people-content\"><div class=\"title\">Colleen O&#8217;Connell-Campbell<\/div><\/div><\/div><div class=\"salus-people-item hover-effect\" data-micromodal-trigger=\"modal-1419\" role=\"button\"><div class=\"salus-people-image\"><img loading=\"lazy\" decoding=\"async\" width=\"500\" height=\"500\" src=\"https:\/\/www.salusottawa.org\/fr\/wp-content\/uploads\/sites\/3\/2022\/04\/Fiona.png\" class=\"attachment-large size-large wp-post-image\" alt=\"\" srcset=\"https:\/\/www.salusottawa.org\/fr\/wp-content\/uploads\/sites\/3\/2022\/04\/Fiona.png 500w, https:\/\/www.salusottawa.org\/fr\/wp-content\/uploads\/sites\/3\/2022\/04\/Fiona-300x300.png 300w, https:\/\/www.salusottawa.org\/fr\/wp-content\/uploads\/sites\/3\/2022\/04\/Fiona-80x80.png 80w, https:\/\/www.salusottawa.org\/fr\/wp-content\/uploads\/sites\/3\/2022\/04\/Fiona-36x36.png 36w, https:\/\/www.salusottawa.org\/fr\/wp-content\/uploads\/sites\/3\/2022\/04\/Fiona-180x180.png 180w, https:\/\/www.salusottawa.org\/fr\/wp-content\/uploads\/sites\/3\/2022\/04\/Fiona-120x120.png 120w, https:\/\/www.salusottawa.org\/fr\/wp-content\/uploads\/sites\/3\/2022\/04\/Fiona-450x450.png 450w\" sizes=\"auto, (max-width: 500px) 100vw, 500px\" \/><\/div><div class=\"salus-people-content\"><div class=\"title\">Fiona Murray<\/div><\/div><\/div><div class=\"salus-people-item hover-effect\" data-micromodal-trigger=\"modal-1409\" role=\"button\"><div class=\"salus-people-image\"><img loading=\"lazy\" decoding=\"async\" width=\"1030\" height=\"1030\" src=\"https:\/\/www.salusottawa.org\/fr\/wp-content\/uploads\/sites\/3\/2023\/11\/KevinYemm_Head-Shot_w_Glasses_18Sept2023_RESIZED-1030x1030.png\" class=\"attachment-large size-large wp-post-image\" alt=\"Board member Kevin Yemm\" srcset=\"https:\/\/www.salusottawa.org\/fr\/wp-content\/uploads\/sites\/3\/2023\/11\/KevinYemm_Head-Shot_w_Glasses_18Sept2023_RESIZED-1030x1030.png 1030w, https:\/\/www.salusottawa.org\/fr\/wp-content\/uploads\/sites\/3\/2023\/11\/KevinYemm_Head-Shot_w_Glasses_18Sept2023_RESIZED-e1699311233253-300x300.png 300w, https:\/\/www.salusottawa.org\/fr\/wp-content\/uploads\/sites\/3\/2023\/11\/KevinYemm_Head-Shot_w_Glasses_18Sept2023_RESIZED-e1699311233253-80x80.png 80w, https:\/\/www.salusottawa.org\/fr\/wp-content\/uploads\/sites\/3\/2023\/11\/KevinYemm_Head-Shot_w_Glasses_18Sept2023_RESIZED-768x768.png 768w, https:\/\/www.salusottawa.org\/fr\/wp-content\/uploads\/sites\/3\/2023\/11\/KevinYemm_Head-Shot_w_Glasses_18Sept2023_RESIZED-1536x1536.png 1536w, https:\/\/www.salusottawa.org\/fr\/wp-content\/uploads\/sites\/3\/2023\/11\/KevinYemm_Head-Shot_w_Glasses_18Sept2023_RESIZED-2048x2048.png 2048w, https:\/\/www.salusottawa.org\/fr\/wp-content\/uploads\/sites\/3\/2023\/11\/KevinYemm_Head-Shot_w_Glasses_18Sept2023_RESIZED-e1699311233253-36x36.png 36w, https:\/\/www.salusottawa.org\/fr\/wp-content\/uploads\/sites\/3\/2023\/11\/KevinYemm_Head-Shot_w_Glasses_18Sept2023_RESIZED-e1699311233253-180x180.png 180w, https:\/\/www.salusottawa.org\/fr\/wp-content\/uploads\/sites\/3\/2023\/11\/KevinYemm_Head-Shot_w_Glasses_18Sept2023_RESIZED-1500x1500.png 1500w, https:\/\/www.salusottawa.org\/fr\/wp-content\/uploads\/sites\/3\/2023\/11\/KevinYemm_Head-Shot_w_Glasses_18Sept2023_RESIZED-705x705.png 705w, https:\/\/www.salusottawa.org\/fr\/wp-content\/uploads\/sites\/3\/2023\/11\/KevinYemm_Head-Shot_w_Glasses_18Sept2023_RESIZED-e1699311233253-120x120.png 120w, https:\/\/www.salusottawa.org\/fr\/wp-content\/uploads\/sites\/3\/2023\/11\/KevinYemm_Head-Shot_w_Glasses_18Sept2023_RESIZED-e1699311233253-450x450.png 450w, https:\/\/www.salusottawa.org\/fr\/wp-content\/uploads\/sites\/3\/2023\/11\/KevinYemm_Head-Shot_w_Glasses_18Sept2023_RESIZED-e1699311233253.png 500w\" sizes=\"auto, (max-width: 1030px) 100vw, 1030px\" \/><\/div><div class=\"salus-people-content\"><div class=\"title\">Kevin Yemm<\/div><\/div><\/div><div class=\"salus-people-item hover-effect\" data-micromodal-trigger=\"modal-1944\" role=\"button\"><div class=\"salus-people-image\"><img loading=\"lazy\" decoding=\"async\" width=\"621\" height=\"640\" src=\"https:\/\/www.salusottawa.org\/fr\/wp-content\/uploads\/sites\/3\/2024\/09\/Susan-Moore.jpg\" class=\"attachment-large size-large wp-post-image\" alt=\"\" srcset=\"https:\/\/www.salusottawa.org\/fr\/wp-content\/uploads\/sites\/3\/2024\/09\/Susan-Moore.jpg 621w, https:\/\/www.salusottawa.org\/fr\/wp-content\/uploads\/sites\/3\/2024\/09\/Susan-Moore-291x300.jpg 291w, https:\/\/www.salusottawa.org\/fr\/wp-content\/uploads\/sites\/3\/2024\/09\/Susan-Moore-36x36.jpg 36w, https:\/\/www.salusottawa.org\/fr\/wp-content\/uploads\/sites\/3\/2024\/09\/Susan-Moore-450x464.jpg 450w\" sizes=\"auto, (max-width: 621px) 100vw, 621px\" \/><\/div><div class=\"salus-people-content\"><div class=\"title\">Susan Moore<\/div><\/div><\/div><div class=\"salus-people-item hover-effect\" data-micromodal-trigger=\"modal-1398\" role=\"button\"><div class=\"salus-people-image\"><img loading=\"lazy\" decoding=\"async\" width=\"500\" height=\"500\" src=\"https:\/\/www.salusottawa.org\/fr\/wp-content\/uploads\/sites\/3\/2022\/04\/Tim.jpg\" class=\"attachment-large size-large wp-post-image\" alt=\"\" srcset=\"https:\/\/www.salusottawa.org\/fr\/wp-content\/uploads\/sites\/3\/2022\/04\/Tim.jpg 500w, https:\/\/www.salusottawa.org\/fr\/wp-content\/uploads\/sites\/3\/2022\/04\/Tim-300x300.jpg 300w, https:\/\/www.salusottawa.org\/fr\/wp-content\/uploads\/sites\/3\/2022\/04\/Tim-80x80.jpg 80w, https:\/\/www.salusottawa.org\/fr\/wp-content\/uploads\/sites\/3\/2022\/04\/Tim-36x36.jpg 36w, https:\/\/www.salusottawa.org\/fr\/wp-content\/uploads\/sites\/3\/2022\/04\/Tim-180x180.jpg 180w, https:\/\/www.salusottawa.org\/fr\/wp-content\/uploads\/sites\/3\/2022\/04\/Tim-120x120.jpg 120w, https:\/\/www.salusottawa.org\/fr\/wp-content\/uploads\/sites\/3\/2022\/04\/Tim-450x450.jpg 450w\" sizes=\"auto, (max-width: 500px) 100vw, 500px\" \/><\/div><div class=\"salus-people-content\"><div class=\"title\">Timothy Moran<\/div><\/div><\/div><div class=\"salus-people-item hover-effect\" data-micromodal-trigger=\"modal-1929\" role=\"button\"><div class=\"salus-people-image\"><img loading=\"lazy\" decoding=\"async\" width=\"1030\" height=\"1030\" src=\"https:\/\/www.salusottawa.org\/fr\/wp-content\/uploads\/sites\/3\/2024\/08\/Vincent-Baulne-Charland-1030x1030.jpg\" class=\"attachment-large size-large wp-post-image\" alt=\"\" srcset=\"https:\/\/www.salusottawa.org\/fr\/wp-content\/uploads\/sites\/3\/2024\/08\/Vincent-Baulne-Charland-1030x1030.jpg 1030w, https:\/\/www.salusottawa.org\/fr\/wp-content\/uploads\/sites\/3\/2024\/08\/Vincent-Baulne-Charland-300x300.jpg 300w, https:\/\/www.salusottawa.org\/fr\/wp-content\/uploads\/sites\/3\/2024\/08\/Vincent-Baulne-Charland-80x80.jpg 80w, https:\/\/www.salusottawa.org\/fr\/wp-content\/uploads\/sites\/3\/2024\/08\/Vincent-Baulne-Charland-768x768.jpg 768w, https:\/\/www.salusottawa.org\/fr\/wp-content\/uploads\/sites\/3\/2024\/08\/Vincent-Baulne-Charland-1536x1536.jpg 1536w, https:\/\/www.salusottawa.org\/fr\/wp-content\/uploads\/sites\/3\/2024\/08\/Vincent-Baulne-Charland-36x36.jpg 36w, https:\/\/www.salusottawa.org\/fr\/wp-content\/uploads\/sites\/3\/2024\/08\/Vincent-Baulne-Charland-180x180.jpg 180w, https:\/\/www.salusottawa.org\/fr\/wp-content\/uploads\/sites\/3\/2024\/08\/Vincent-Baulne-Charland-1500x1500.jpg 1500w, https:\/\/www.salusottawa.org\/fr\/wp-content\/uploads\/sites\/3\/2024\/08\/Vincent-Baulne-Charland-705x705.jpg 705w, https:\/\/www.salusottawa.org\/fr\/wp-content\/uploads\/sites\/3\/2024\/08\/Vincent-Baulne-Charland-120x120.jpg 120w, https:\/\/www.salusottawa.org\/fr\/wp-content\/uploads\/sites\/3\/2024\/08\/Vincent-Baulne-Charland-450x450.jpg 450w, https:\/\/www.salusottawa.org\/fr\/wp-content\/uploads\/sites\/3\/2024\/08\/Vincent-Baulne-Charland.jpg 2048w\" sizes=\"auto, (max-width: 1030px) 100vw, 1030px\" \/><\/div><div class=\"salus-people-content\"><div class=\"title\">Vincent Baulne-Charland<\/div><\/div><\/div><\/div>\n<\/div><\/section>\n","protected":false},"excerpt":{"rendered":"","protected":false},"author":1,"featured_media":0,"parent":10,"menu_order":0,"comment_status":"closed","ping_status":"closed","template":"","meta":{"footnotes":""},"class_list":["post-66","page","type-page","status-publish","hentry"],"acf":[],"_links":{"self":[{"href":"https:\/\/www.salusottawa.org\/fr\/wp-json\/wp\/v2\/pages\/66","targetHints":{"allow":["GET"]}}],"collection":[{"href":"https:\/\/www.salusottawa.org\/fr\/wp-json\/wp\/v2\/pages"}],"about":[{"href":"https:\/\/www.salusottawa.org\/fr\/wp-json\/wp\/v2\/types\/page"}],"author":[{"embeddable":true,"href":"https:\/\/www.salusottawa.org\/fr\/wp-json\/wp\/v2\/users\/1"}],"replies":[{"embeddable":true,"href":"https:\/\/www.salusottawa.org\/fr\/wp-json\/wp\/v2\/comments?post=66"}],"version-history":[{"count":21,"href":"https:\/\/www.salusottawa.org\/fr\/wp-json\/wp\/v2\/pages\/66\/revisions"}],"predecessor-version":[{"id":85,"href":"https:\/\/www.salusottawa.org\/fr\/wp-json\/wp\/v2\/pages\/66\/revisions\/85"}],"up":[{"embeddable":true,"href":"https:\/\/www.salusottawa.org\/fr\/wp-json\/wp\/v2\/pages\/10"}],"wp:attachment":[{"href":"https:\/\/www.salusottawa.org\/fr\/wp-json\/wp\/v2\/media?parent=66"}],"curies":[{"name":"wp","href":"https:\/\/api.w.org\/{rel}","templated":true}]}}