{"id":174,"date":"2018-04-13T16:28:14","date_gmt":"2018-04-13T16:28:14","guid":{"rendered":"http:\/\/www.salusottawa.org\/fr\/?page_id=174"},"modified":"2018-07-10T19:44:29","modified_gmt":"2018-07-10T19:44:29","slug":"maisons-partagees","status":"publish","type":"page","link":"https:\/\/www.salusottawa.org\/fr\/logements-de-salus-avec-soutien\/maisons-partagees\/","title":{"rendered":"Maisons partag\u00e9es"},"content":{"rendered":"<div class=\"flex_column av_three_fifth  flex_column_div av-zero-column-padding first  \" style='border-radius:0px; '><section class=\"av_textblock_section \"  itemscope=\"itemscope\" itemtype=\"https:\/\/schema.org\/CreativeWork\" ><div class='avia_textblock  '   itemprop=\"text\" ><h1><strong>Maisons partag\u00e9es de Salus<\/strong><\/h1>\n<p>Les maisons partag\u00e9es de Salus sont de grandes maisons modernes enti\u00e8rement meubl\u00e9es qui offrent un milieu de vie communautaire \u00e0 des adultes vivant avec une maladie mentale s\u00e9v\u00e8re et persistante.<\/p>\n<p>Les maisons partag\u00e9es de Salus sont con\u00e7ues de mani\u00e8re \u00e0 procurer une grande intimit\u00e9 et une autonomie aux locataires tout en leur permettant de b\u00e9n\u00e9ficier des avantages associ\u00e9s \u00e0 la vie en commun.<\/p>\n<p><strong>Maisons partag\u00e9ees de Salus est con\u00e7u pour fournir aux locataires:<\/strong><\/p>\n<ul>\n<li>Ind\u00e9pendance accrue<\/li>\n<li>Am\u00e9lioration des comp\u00e9tences de vie et des capacit\u00e9s<\/li>\n<li>Succ\u00e8s et satisfaction dans les environnements futurs<\/li>\n<\/ul>\n<h3><strong>Services offerts par Salus<\/strong><\/h3>\n<p>Salus offre ses services se basant sur les approches psychosociale et du r\u00e9tablissement, en pla\u00e7ant le client et sa participation volontaire au centre des interventions. Les services incluent :<\/p>\n<ul>\n<li>Services de soutien et counselling : gestion de la maladie, gestion et pr\u00e9vention des crises, r\u00e9solution de conflit, plans de services, liens avec les ressources dans la communaut\u00e9, aide \u00e0 la r\u00e9solution de probl\u00e8me et \u00e0 la prise de d\u00e9cision.<\/li>\n<li>Apprentissages des habilet\u00e9s de la vie quotidienne : entretien m\u00e9nager, cuisine, budget (\u00e9picerie, activit\u00e9s sociales, achats quotidiens), soins personnels et saines habitudes de vie.<\/li>\n<\/ul>\n<h3><strong>Types de maisons<\/strong><\/h3>\n<p>Les maisons partag\u00e9es sont grandes, modernes et meubl\u00e9es et comportent des chambres priv\u00e9es et aires de vies communes incluant :<\/p>\n<ul>\n<li>Salon<\/li>\n<li>Salle \u00e0 manger<\/li>\n<li>Cuisine<\/li>\n<li>Cour avant et arri\u00e8re.<\/li>\n<\/ul>\n<h3><strong>Localisation<\/strong><\/h3>\n<p>Il y a pr\u00e9sentement trois r\u00e9sidences partag\u00e9es \u00e0 Salus. Elles sont situ\u00e9es \u00e0 des endroits pratiques et fonctionnels, dans les quartier Bells Corners (ouest), New Edinburghau et au centre-ville. Toutes les maisons partag\u00e9es sont situ\u00e9es pr\u00e8s de transports en commun et de centres d\u2019achats.<\/p>\n<p><strong>VOUS SOUHAITEZ faire UNE DEMANDE DE LOGEMENT SUPERVIS\u00c9 AUPR\u00c8S DE SALUS?<\/strong><\/p>\n<p>Cliquez ici pour savoir comment faire une demande de logement aupr\u00e8s de Salus.<\/p>\n<p>Vous pouvez \u00e9galement appeler Salus au 613-729-0123.<\/p>\n<\/div><\/section><\/div><div class=\"flex_column av_two_fifth  flex_column_div av-zero-column-padding   \" style='border-radius:0px; '><div class='avia-image-container  av-styling-    avia-align-center '  itemscope=\"itemscope\" itemtype=\"https:\/\/schema.org\/ImageObject\"  ><div class='avia-image-container-inner'><img class='avia_image ' src='https:\/\/www.salusottawa.org\/fr\/wp-content\/uploads\/sites\/3\/2018\/04\/Cooper-40-Copy-773x1030.jpg' alt='' title='OLYMPUS DIGITAL CAMERA'   itemprop=\"thumbnailUrl\"  \/><\/div><\/div><\/div><\/p>\n","protected":false},"excerpt":{"rendered":"","protected":false},"author":1,"featured_media":0,"parent":170,"menu_order":0,"comment_status":"closed","ping_status":"closed","template":"","meta":{"footnotes":""},"class_list":["post-174","page","type-page","status-publish","hentry"],"acf":[],"_links":{"self":[{"href":"https:\/\/www.salusottawa.org\/fr\/wp-json\/wp\/v2\/pages\/174","targetHints":{"allow":["GET"]}}],"collection":[{"href":"https:\/\/www.salusottawa.org\/fr\/wp-json\/wp\/v2\/pages"}],"about":[{"href":"https:\/\/www.salusottawa.org\/fr\/wp-json\/wp\/v2\/types\/page"}],"author":[{"embeddable":true,"href":"https:\/\/www.salusottawa.org\/fr\/wp-json\/wp\/v2\/users\/1"}],"replies":[{"embeddable":true,"href":"https:\/\/www.salusottawa.org\/fr\/wp-json\/wp\/v2\/comments?post=174"}],"version-history":[{"count":6,"href":"https:\/\/www.salusottawa.org\/fr\/wp-json\/wp\/v2\/pages\/174\/revisions"}],"predecessor-version":[{"id":607,"href":"https:\/\/www.salusottawa.org\/fr\/wp-json\/wp\/v2\/pages\/174\/revisions\/607"}],"up":[{"embeddable":true,"href":"https:\/\/www.salusottawa.org\/fr\/wp-json\/wp\/v2\/pages\/170"}],"wp:attachment":[{"href":"https:\/\/www.salusottawa.org\/fr\/wp-json\/wp\/v2\/media?parent=174"}],"curies":[{"name":"wp","href":"https:\/\/api.w.org\/{rel}","templated":true}]}}