{"id":173,"date":"2018-04-13T16:37:14","date_gmt":"2018-04-13T16:37:14","guid":{"rendered":"http:\/\/www.salusottawa.org\/fr\/?page_id=173"},"modified":"2024-01-29T20:38:08","modified_gmt":"2024-01-29T20:38:08","slug":"appartements-de-salus-en-partenariat","status":"publish","type":"page","link":"https:\/\/www.salusottawa.org\/fr\/logements-de-salus-avec-soutien\/appartements-de-salus-en-partenariat\/","title":{"rendered":"Appartements de Salus en partenariat"},"content":{"rendered":"<div class=\"flex_column av_three_fifth  flex_column_div av-zero-column-padding first  \" style='border-radius:0px; '><section class=\"av_textblock_section \"  itemscope=\"itemscope\" itemtype=\"https:\/\/schema.org\/CreativeWork\" ><div class='avia_textblock  '   itemprop=\"text\" ><h1>Appartements de Salus en partenariat<\/h1>\n<p>Gr\u00e2ce \u00e0 ses partenariats novateurs avec la <a href=\"http:\/\/www.och.ca\/\" target=\"_blank\" rel=\"noopener\">Soci\u00e9t\u00e9 de logement communautaire d\u2019Ottawa<\/a>, Centertown Citizens Ottawa Corporation (CCOC) et la <a href=\"http:\/\/www.chaseo.ca\/member\/voisins-co-op\/\" target=\"_blank\" rel=\"noopener\">Coop\u00e9rative d\u2019habitation Voisins<\/a>, Salus a augment\u00e9 le nombre de logements avec soutien disponibles aux adultes vivant avec une maladie mentale dans la r\u00e9gion d\u2019Ottawa.<\/p>\n<p>Les logements en partenariat donnent la possibilit\u00e9 d\u2019acc\u00e9der \u00e0 des logements abordables offrant un milieu de vie ind\u00e9pendant et un soutien communautaire \u00e0 des personnes \u00e2g\u00e9es de plus de 16 ans.<\/p>\n<p>Les partenariats de Salus offrent aux locataires la possibilit\u00e9 de vivre de mani\u00e8re plus autonome et d\u2019acqu\u00e9rir les comp\u00e9tences n\u00e9cessaires pour conserver leur logement en vue de s\u2019int\u00e9grer pleinement dans la collectivit\u00e9.<\/p>\n<\/div><\/section><br \/>\n<div style='height:50px' class='hr hr-invisible  '><span class='hr-inner ' ><span class='hr-inner-style'><\/span><\/span><\/div><br \/>\n<article class=\"iconbox iconbox_top main_color    av-icon-style-no-border\"  itemscope=\"itemscope\" itemtype=\"https:\/\/schema.org\/CreativeWork\" ><div class=\"iconbox_content\"><header class=\"entry-content-header\"><div class=\"iconbox_icon heading-color \" aria-hidden='true' data-av_icon='\ue821' data-av_iconfont='entypo-fontello'  ><\/div><h3 class='iconbox_content_title '  itemprop=\"headline\"  >Vous souhaitez faire une demande de logement? <\/h3><\/header><div class='iconbox_content_container  '  itemprop=\"text\"  ><p><a title=\"Demande de logement\" href=\"https:\/\/www.salusottawa.org\/fr\/logements-de-salus-avec-soutien\/demande-de-logement\/\">Cliquez ici <\/a> pour savoir comment faire une demande de logement avec soutien aupr\u00e8s de Salus<\/p>\n<p>Vous pouvez \u00e9galement nous appeler Salus au 613-729-0123<\/p>\n<\/div><\/div><footer class=\"entry-footer\"><\/footer><\/article><\/p><\/div><div class=\"flex_column av_two_fifth  flex_column_div av-zero-column-padding   \" style='border-radius:0px; '><div class='avia-image-container  av-styling-    avia-align-center '  itemscope=\"itemscope\" itemtype=\"https:\/\/schema.org\/ImageObject\"  ><div class='avia-image-container-inner'><img class='avia_image ' src='https:\/\/www.salusottawa.org\/fr\/wp-content\/uploads\/sites\/3\/2018\/04\/Grove-958x1030.jpg' alt='' title='OLYMPUS DIGITAL CAMERA'   itemprop=\"thumbnailUrl\"  \/><\/div><\/div><\/div><\/p>\n","protected":false},"excerpt":{"rendered":"","protected":false},"author":1,"featured_media":0,"parent":170,"menu_order":0,"comment_status":"closed","ping_status":"closed","template":"","meta":{"footnotes":""},"class_list":["post-173","page","type-page","status-publish","hentry"],"acf":[],"_links":{"self":[{"href":"https:\/\/www.salusottawa.org\/fr\/wp-json\/wp\/v2\/pages\/173","targetHints":{"allow":["GET"]}}],"collection":[{"href":"https:\/\/www.salusottawa.org\/fr\/wp-json\/wp\/v2\/pages"}],"about":[{"href":"https:\/\/www.salusottawa.org\/fr\/wp-json\/wp\/v2\/types\/page"}],"author":[{"embeddable":true,"href":"https:\/\/www.salusottawa.org\/fr\/wp-json\/wp\/v2\/users\/1"}],"replies":[{"embeddable":true,"href":"https:\/\/www.salusottawa.org\/fr\/wp-json\/wp\/v2\/comments?post=173"}],"version-history":[{"count":4,"href":"https:\/\/www.salusottawa.org\/fr\/wp-json\/wp\/v2\/pages\/173\/revisions"}],"predecessor-version":[{"id":1853,"href":"https:\/\/www.salusottawa.org\/fr\/wp-json\/wp\/v2\/pages\/173\/revisions\/1853"}],"up":[{"embeddable":true,"href":"https:\/\/www.salusottawa.org\/fr\/wp-json\/wp\/v2\/pages\/170"}],"wp:attachment":[{"href":"https:\/\/www.salusottawa.org\/fr\/wp-json\/wp\/v2\/media?parent=173"}],"curies":[{"name":"wp","href":"https:\/\/api.w.org\/{rel}","templated":true}]}}