{"id":171,"date":"2018-04-13T16:43:02","date_gmt":"2018-04-13T16:43:02","guid":{"rendered":"http:\/\/www.salusottawa.org\/fr\/?page_id=171"},"modified":"2025-08-29T14:02:16","modified_gmt":"2025-08-29T14:02:16","slug":"demande-de-logement","status":"publish","type":"page","link":"https:\/\/www.salusottawa.org\/fr\/logements-de-salus-avec-soutien\/demande-de-logement\/","title":{"rendered":"Comment faire une demande de logement avec soutien aupr\u00e8s de Salus"},"content":{"rendered":"<div class=\"flex_column av_three_fifth  flex_column_div av-zero-column-padding first  \" style='border-radius:0px; '><section class=\"av_textblock_section \"  itemscope=\"itemscope\" itemtype=\"https:\/\/schema.org\/CreativeWork\" ><div class='avia_textblock  '   itemprop=\"text\" ><div class=\"col-sm-8\">\n<h1>Comment faire une demande de logement avec soutien aupr\u00e8s de Salus<\/h1>\n<p>Salus offre une gamme d\u2019options de logements avec soutien \u00e0 Ottawa aux adultes de plus de 16 ans vivant avec une maladie mentale persistante.<\/p>\n<h3><strong>Liste d\u2019attente<\/strong><\/h3>\n<p>Malgr\u00e9 la p\u00e9nurie de logements abordables \u00e0 Ottawa, Salus se fait un devoir de combler aussi rapidement que possible les demandes de logement avec soutien pour les gens en r\u00e9tablissement. Pr\u00e9sentement, la p\u00e9riode d\u2019attente pour obtenir un logement permanent aupr\u00e8s de Salus est de plus de cinq ans.<\/p>\n<h3>\u00c9tapes \u00e0 suivre pour faire une demande de logement avec soutien aupr\u00e8s de Salus :<\/h3>\n<p>1. T\u00e9l\u00e9chargez et remplissez le formulaire de demande de logement subventionn\u00e9 \u00e0 Ottawa du site web du <a href=\"https:\/\/housingregistry.ca\/fr\/les-formulaires\/\" target=\"_blank\" rel=\"noopener\">Centre d&#8217;enregistrement pour les logements sociaux d&#8217;Ottawa<\/a>. Vous pouvez \u00e9galement vous procurer ce formulaire en vous pr\u00e9sentant aux bureau du <a href=\"https:\/\/housingregistry.ca\/fr\/contactez\/\" target=\"_blank\" rel=\"noopener\">Centre d\u2019enregistrement pour les logements sociaux d\u2019Ottawa<\/a> ou au <a href=\"https:\/\/www.salusottawa.org\/fr\/nous-joindre\/\">si\u00e8ge social de Salus<\/a>.<\/p>\n<\/div>\n<\/div><\/section><br \/>\n<div class='avia-button-wrap avia-button-left '><a href='https:\/\/housingregistry.ca\/fr\/les-formulaires\/' class='avia-button   avia-icon_select-no avia-color-theme-color avia-size-medium avia-position-left '  target=\"_blank\"   ><span class='avia_iconbox_title' >T\u00e9l\u00e9chargez le formulaire de demande d\u2019enregistrement pour les logements sociaux.<\/span><\/a><\/div><br \/>\n<section class=\"av_textblock_section \"  itemscope=\"itemscope\" itemtype=\"https:\/\/schema.org\/CreativeWork\" ><div class='avia_textblock  '   itemprop=\"text\" ><p><strong>L\u2019admissibilit\u00e9 aux logements de Salus, au moment de l\u2019offre, est conditionnel \u00e0 ce que le demandeur re\u00e7oive des services de soutien par le biais d\u2019une agence li\u00e9e au Services de soutien communautaire en sant\u00e9 mentale (aussi connu par le nom SSCSM), ou une Programme communautaire de traitement actif (aussi connu par le nom PCTA).<\/strong><\/p>\n<\/div><\/section><br \/>\n<div class='avia-button-wrap avia-button-left '><a href='https:\/\/ottawa.cmha.ca\/fr\/programs-services\/services-communautaires\/' class='avia-button   avia-icon_select-no avia-color-theme-color-highlight avia-size-medium avia-position-left '  target=\"_blank\"   ><span class='avia_iconbox_title' >T\u00e9l\u00e9chargez le formulaire de demande de MSESSC<\/span><\/a><\/div><br \/>\n<section class=\"av_textblock_section \"  itemscope=\"itemscope\" itemtype=\"https:\/\/schema.org\/CreativeWork\" ><div class='avia_textblock  '   itemprop=\"text\" ><div class=\"col-sm-8\">\n<p>2. Lisez les instructions tr\u00e8s attentivement \u00a0et remplissez \u00a0toutes les sections requises.<\/p>\n<p>3. Assurez-vous de cocher Salus d\u2019Ottawa (page 11, Section\u00a09 \u2013 Logement en milieu de soutien). Cochez aussi tout autre fournisseur de logements qui vous int\u00e9resse.<\/p>\n<p>4. Retournez votre formulaire de demande compl\u00e9t\u00e9 et accompagn\u00e9 de tous les documents requis, y compris une preuve de revenus et une preuve de r\u00e9sidence. Vous pouvez acheminer vos documents par la poste ou en personne \u00e0 l\u2019adresse suivante\u00a0:<\/p>\n<p>Centre d\u2019enregistrement pour les logements sociaux d\u2019Ottawa<br \/>\n2197, prom. Riverside, 5<sup>e<\/sup> \u00e9tage<br \/>\nOttawa (Ontario) K1H 1A9<\/p>\n<p>Important\u00a0: les candidatures envoy\u00e9es par t\u00e9l\u00e9copieur ne seront pas accept\u00e9es.<\/p>\n<\/div>\n<\/div><\/section><\/p><\/div>\n<div class=\"flex_column av_two_fifth  flex_column_div av-zero-column-padding   \" style='border-radius:0px; '><p><div class='avia-image-container  av-styling-    avia-align-center '  itemscope=\"itemscope\" itemtype=\"https:\/\/schema.org\/ImageObject\"  ><div class='avia-image-container-inner'><img class='avia_image ' src='https:\/\/www.salusottawa.org\/fr\/wp-content\/uploads\/sites\/3\/2018\/04\/Cooper-40-Copy-773x1030.jpg' alt='' title='OLYMPUS DIGITAL CAMERA'   itemprop=\"thumbnailUrl\"  \/><\/div><\/div><br \/>\n<section class=\"av_textblock_section \"  itemscope=\"itemscope\" itemtype=\"https:\/\/schema.org\/CreativeWork\" ><div class='avia_textblock  '   itemprop=\"text\" ><h3><strong>\u00c9tapes suivantes<\/strong><\/h3>\n<p class=\"xmsonormal\">Apr\u00e8s avoir soumis votre demande au Registre en cochant Salus, celui-ci transmettra vos renseignements \u00e0 Ottawa Salus. Une fois que vous atteindrez le haut de la liste d\u2019attente chronologique de Salus, Salus communiquera avec vous pour examiner votre admissibilit\u00e9, vos besoins en logement et discuter des prochaines \u00e9tapes. Si vos coordonn\u00e9es changent, veuillez communiquer imm\u00e9diatement avec le Registre du logement social d\u2019Ottawa afin que nous puissions continuer \u00e0 vous joindre au besoin.<\/p>\n<h3><strong>Logement d\u2019urgence et refuge<\/strong><\/h3>\n<p>Si vous avez besoin d\u2019un logement d\u2019urgence ou d\u2019un refuge t\u00e9l\u00e9phonez \u00e0 la Ville d\u2019Ottawa pendant les heures de bureau au 613-560-6000 du lundi au vendredi ou au 3\u20111-1 apr\u00e8s les heures de bureau et pendant les fins de semaine.<\/p>\n<\/div><\/section><\/p><\/div>\n","protected":false},"excerpt":{"rendered":"","protected":false},"author":1,"featured_media":0,"parent":170,"menu_order":0,"comment_status":"closed","ping_status":"closed","template":"","meta":{"footnotes":""},"class_list":["post-171","page","type-page","status-publish","hentry"],"acf":[],"_links":{"self":[{"href":"https:\/\/www.salusottawa.org\/fr\/wp-json\/wp\/v2\/pages\/171","targetHints":{"allow":["GET"]}}],"collection":[{"href":"https:\/\/www.salusottawa.org\/fr\/wp-json\/wp\/v2\/pages"}],"about":[{"href":"https:\/\/www.salusottawa.org\/fr\/wp-json\/wp\/v2\/types\/page"}],"author":[{"embeddable":true,"href":"https:\/\/www.salusottawa.org\/fr\/wp-json\/wp\/v2\/users\/1"}],"replies":[{"embeddable":true,"href":"https:\/\/www.salusottawa.org\/fr\/wp-json\/wp\/v2\/comments?post=171"}],"version-history":[{"count":11,"href":"https:\/\/www.salusottawa.org\/fr\/wp-json\/wp\/v2\/pages\/171\/revisions"}],"predecessor-version":[{"id":2131,"href":"https:\/\/www.salusottawa.org\/fr\/wp-json\/wp\/v2\/pages\/171\/revisions\/2131"}],"up":[{"embeddable":true,"href":"https:\/\/www.salusottawa.org\/fr\/wp-json\/wp\/v2\/pages\/170"}],"wp:attachment":[{"href":"https:\/\/www.salusottawa.org\/fr\/wp-json\/wp\/v2\/media?parent=171"}],"curies":[{"name":"wp","href":"https:\/\/api.w.org\/{rel}","templated":true}]}}