{"id":168,"date":"2018-04-13T17:21:02","date_gmt":"2018-04-13T17:21:02","guid":{"rendered":"http:\/\/www.salusottawa.org\/fr\/?page_id=168"},"modified":"2023-03-06T20:10:59","modified_gmt":"2023-03-06T20:10:59","slug":"soutenez-salus","status":"publish","type":"page","link":"https:\/\/www.salusottawa.org\/fr\/soutenez-salus\/","title":{"rendered":"Soutenez Salus"},"content":{"rendered":"<div class=\"flex_column av_three_fifth  flex_column_div av-zero-column-padding first  \" style='border-radius:0px; '><section class=\"av_textblock_section \"  itemscope=\"itemscope\" itemtype=\"https:\/\/schema.org\/CreativeWork\" ><div class='avia_textblock  '   itemprop=\"text\" ><h1>Soutenez Salus &#8211; Donnez de l\u2019espoir et un foyer<\/h1>\n<\/div><\/section><br \/>\n<div class='avia-button-wrap avia-button-center '><a href='https:\/\/interland3.donorperfect.net\/weblink\/weblink.aspx?name=E347951QE&amp;id=8' class='avia-button av-icon-on-hover  avia-icon_select-yes-left-icon avia-color-theme-color avia-size-large avia-position-center '   ><span class='avia_button_icon avia_button_icon_left ' aria-hidden='true' data-av_icon='\ue807' data-av_iconfont='entypo-fontello'><\/span><span class='avia_iconbox_title' >Don unique<\/span><\/a><\/div><br \/>\n<div class='avia-button-wrap avia-button-center '><a href='https:\/\/interland3.donorperfect.net\/weblink\/weblink.aspx?name=E347951QE&amp;id=10' class='avia-button av-icon-on-hover  avia-icon_select-yes-left-icon avia-color-custom avia-size-large avia-position-center '  style='background-color:#94b700; border-color:#94b700; color:#ffffff; ' ><span class='avia_button_icon avia_button_icon_left ' aria-hidden='true' data-av_icon='\ue807' data-av_iconfont='entypo-fontello'><\/span><span class='avia_iconbox_title' >Don mensuel<\/span><\/a><\/div><br \/>\n<div style='height:30px' class='hr hr-invisible  '><span class='hr-inner ' ><span class='hr-inner-style'><\/span><\/span><\/div><br \/>\n<section class=\"av_textblock_section \"  itemscope=\"itemscope\" itemtype=\"https:\/\/schema.org\/CreativeWork\" ><div class='avia_textblock  '   itemprop=\"text\" ><ul>\n<li>Gr\u00e2ce \u00e0 notre gamme de logements, Salus offre une maison \u00e0 pr\u00e8s de 300 personnes \u00e0 Ottawa, que ce soit dans des appartements avec ou sans soutien ou dans nos maisons de r\u00e9adaptation transitionnelles.<\/li>\n<li>L\u2019approche de Salus change des vies au quotidien, gr\u00e2ce \u00e0 notre approche de logement avec soutien et nos services en sant\u00e9 mentale. Les personnes vivant avec un probl\u00e8me de sant\u00e9 mentale persistant peuvent trouver l\u2019autonomie, travailler \u00e0 leur r\u00e9tablissement et saisir l\u2019opportunit\u00e9 de jouir d\u2019une qualit\u00e9 de vie qu\u2019ils n\u2019auraient jamais crue possible.<\/li>\n<li>Salus offre la paix d\u2019esprit \u00e0 des familles qui n\u2019ont plus les ressources pour soutenir leur proche vivant avec une maladie mentale persistante.<\/li>\n<li>Les personnes avan\u00e7ant en \u00e2ge et qui soutiennent un membre de leur entourage peuvent trouver du r\u00e9confort \u00e0 l\u2019id\u00e9e que leur proche vive dans un de nos logements.<\/li>\n<li>Chaque ann\u00e9e, Salus aide des personnes avec une maladie mentale \u00e0 sortir de la rue et du cycle d\u2019hospitalisation chronique en les soutenants vers une vie d\u2019espoir et d\u2019autonomie.<\/li>\n<li>Salus cr\u00e9e un sentiment d\u2019appartenance qui encourage les personnes vivant avec une maladie mentale \u00e0 devenir plus actifs, \u00e0 briser leur isolement et \u00e0 s\u2019impliquer dans leur communaut\u00e9.<\/li>\n<li>Salus offre deux ingr\u00e9dients essentiels aux adultes vivants avec une maladie mentale qui d\u00e9sirent mener une vie \u00e9quilibr\u00e9e et productive : l\u2019espoir et un toit.<\/li>\n<\/ul>\n<h3><span id=\"result_box\" class=\"short_text\" lang=\"fr\">Tout cela est rendu possible gr\u00e2ce \u00e0 votre soutien<\/span>.<\/h3>\n<\/div><\/section><\/p><\/div><div class=\"flex_column av_two_fifth  flex_column_div av-zero-column-padding   \" style='border-radius:0px; '><p><div class='avia-image-container  av-styling-    avia-align-center '  itemscope=\"itemscope\" itemtype=\"https:\/\/schema.org\/ImageObject\"  ><div class='avia-image-container-inner'><a href='https:\/\/interland3.donorperfect.net\/weblink\/weblink.aspx?name=E347951QE&amp;id=8' class='avia_image'  ><img class='avia_image ' src='https:\/\/www.salusottawa.org\/fr\/wp-content\/uploads\/sites\/3\/2023\/03\/Julianne-Mike-and-Christian_resized-300x225.png' alt='' title='Julianne Mike and Christian_resized'  itemprop=\"thumbnailUrl\"  \/><\/a><\/div><\/div><br \/>\n<div style='height:25px' class='hr hr-invisible  '><span class='hr-inner ' ><span class='hr-inner-style'><\/span><\/span><\/div><br \/>\n<article class=\"iconbox iconbox_left    \"  itemscope=\"itemscope\" itemtype=\"https:\/\/schema.org\/CreativeWork\" ><div class=\"iconbox_content\"><header class=\"entry-content-header\"><div class=\"iconbox_icon heading-color \" aria-hidden='true' data-av_icon='\ue806' data-av_iconfont='entypo-fontello'  ><\/div><h3 class='iconbox_content_title '  itemprop=\"headline\"  >Donation \u00e0 Salus<\/h3><\/header><div class='iconbox_content_container  '  itemprop=\"text\"  ><div class=\"iconbox_content_container \">\n<ul>\n<li><a href=\"https:\/\/interland3.donorperfect.net\/weblink\/weblink.aspx?name=E347951QE&amp;id=8\">Don unique<\/a><\/li>\n<li><a href=\"https:\/\/interland3.donorperfect.net\/weblink\/weblink.aspx?name=E347951QE&amp;id=10\">Don mensuel<\/a><\/li>\n<li><a href=\"http:\/\/www.salusottawa.org\/fr\/in-memorium-in-honour\/\">Don comm\u00e9moratif<\/a><\/li>\n<li><a href=\"http:\/\/www.salusottawa.org\/fr\/in-memorium-in-honour\/\">Don d\u2019honneur<\/a><\/li>\n<li><a href=\"http:\/\/www.salusottawa.org\/fr\/give-through-your-will\/\">Don testamentaire<\/a><\/li>\n<li><a href=\"http:\/\/www.salusottawa.org\/fr\/stock-transfer\/\">Transfert de titres<\/a><\/li>\n<\/ul>\n<\/div>\n<\/div><\/div><footer class=\"entry-footer\"><\/footer><\/article><br \/>\n<section class=\"av_textblock_section \"  itemscope=\"itemscope\" itemtype=\"https:\/\/schema.org\/CreativeWork\" ><div class='avia_textblock  '   itemprop=\"text\" ><section class=\"av_textblock_section \">\n<div class=\"avia_textblock \">\n<h3 class=\"iconbox_content_title \" style=\"text-align: center;\" data-wahfont=\"22\">Informations suppl\u00e9mentaires<\/h3>\n<div class=\"iconbox_content_container \">\n<p>Si vous souhaitez en savoir plus sur nos besoins sp\u00e9cifiques en mati\u00e8re de collecte de fonds, ou si vous avez des questions concernant les options de don ci-dessus, veuillez contacter Heather Brown \u00e0 l\u2019adresse suivante:<\/p>\n<p style=\"text-align: center;\" data-wahfont=\"15\"><a href=\"mailto:hbrown@salusottawa.org\" target=\"_blank\" rel=\"noopener\" data-wahfont=\"15\">Envoyer un courriel<\/a><\/p>\n<p style=\"text-align: center;\" data-wahfont=\"15\">613-729-0123 x 2502<\/p>\n<\/div>\n<\/div>\n<\/section>\n<\/div><\/section><\/p><\/div><\/p>\n","protected":false},"excerpt":{"rendered":"","protected":false},"author":1,"featured_media":0,"parent":0,"menu_order":0,"comment_status":"closed","ping_status":"closed","template":"","meta":{"footnotes":""},"class_list":["post-168","page","type-page","status-publish","hentry"],"acf":[],"_links":{"self":[{"href":"https:\/\/www.salusottawa.org\/fr\/wp-json\/wp\/v2\/pages\/168","targetHints":{"allow":["GET"]}}],"collection":[{"href":"https:\/\/www.salusottawa.org\/fr\/wp-json\/wp\/v2\/pages"}],"about":[{"href":"https:\/\/www.salusottawa.org\/fr\/wp-json\/wp\/v2\/types\/page"}],"author":[{"embeddable":true,"href":"https:\/\/www.salusottawa.org\/fr\/wp-json\/wp\/v2\/users\/1"}],"replies":[{"embeddable":true,"href":"https:\/\/www.salusottawa.org\/fr\/wp-json\/wp\/v2\/comments?post=168"}],"version-history":[{"count":26,"href":"https:\/\/www.salusottawa.org\/fr\/wp-json\/wp\/v2\/pages\/168\/revisions"}],"predecessor-version":[{"id":2036,"href":"https:\/\/www.salusottawa.org\/fr\/wp-json\/wp\/v2\/pages\/168\/revisions\/2036"}],"wp:attachment":[{"href":"https:\/\/www.salusottawa.org\/fr\/wp-json\/wp\/v2\/media?parent=168"}],"curies":[{"name":"wp","href":"https:\/\/api.w.org\/{rel}","templated":true}]}}