{"id":10,"date":"2018-04-13T14:45:15","date_gmt":"2018-04-13T14:45:15","guid":{"rendered":"http:\/\/www.salusottawa.org\/fr\/?page_id=10"},"modified":"2023-04-03T15:25:49","modified_gmt":"2023-04-03T15:25:49","slug":"a-propos-de-salus","status":"publish","type":"page","link":"https:\/\/www.salusottawa.org\/fr\/a-propos-de-salus\/","title":{"rendered":"\u00c0 propos de Salus"},"content":{"rendered":"<div  class='avia-video avia-video-16-9   '  itemprop=\"video\" itemtype=\"https:\/\/schema.org\/VideoObject\" ><div class='avia-iframe-wrap'><iframe loading=\"lazy\" title=\"Salus story\" width=\"1500\" height=\"844\" src=\"https:\/\/www.youtube.com\/embed\/c0yYcG2Ww-A?feature=oembed\" frameborder=\"0\" allow=\"accelerometer; autoplay; clipboard-write; encrypted-media; gyroscope; picture-in-picture\" allowfullscreen><\/iframe><\/div><\/div>\n<div class=\"flex_column av_three_fifth  flex_column_div av-zero-column-padding first  \" style='border-radius:0px; '><section class=\"av_textblock_section \"  itemscope=\"itemscope\" itemtype=\"https:\/\/schema.org\/CreativeWork\" ><div class='avia_textblock  '   itemprop=\"text\" ><h1>\u00c0 propos de Salus<\/h1>\n<p><strong>Depuis plus de 45 ans, Salus est un d\u00e9fenseur in\u00e9branlable des personnes atteintes de maladies mentales. Nous fournissons une premi\u00e8re \u00e9tape dans le processus de r\u00e9tablissement \u2014 un environnement domestique stable \u2014 y compris un programme de r\u00e9adaptation transitoire, des maisons partag\u00e9es et une vie ind\u00e9pendante. Nous proposons \u00e9galement des programmes et des services de sant\u00e9 mentale personnalis\u00e9s pour r\u00e9pondre aux besoins uniques de chacun de nos clients sur la voie du bien-\u00eatre et de I&#8217;autonomie. <\/strong><\/p>\n<p>L\u2019organisme a \u00e9t\u00e9 constitu\u00e9 \u00e0 la fin des ann\u00e9es 1970 par un groupe d\u00e9vou\u00e9 de parents pr\u00e9occup\u00e9s, de travailleurs sociaux et de m\u00e9decins de la r\u00e9gion d\u2019Ottawa. Le groupe a choisi le nom latin Salus, qui signifie sant\u00e9 et bien-\u00eatre, pour ce nouvel organisme r\u00e9solument implant\u00e9 dans sa communaut\u00e9.<\/p>\n<p>L\u2019av\u00e8nement des m\u00e9dicaments psychotropes dans les ann\u00e9es 1950 et 1960 ont marqu\u00e9 un fort progr\u00e8s dans le traitement des maladies mentales. Gr\u00e2ce \u00e0 ces avanc\u00e9es pharmacologiques, les s\u00e9jours \u00e0 l\u2019h\u00f4pital pour les personnes vivant avec une maladie mentale ont \u00e9t\u00e9 \u00e9court\u00e9s et les h\u00f4pitaux psychiatriques ont commenc\u00e9 \u00e0 fermer. Cette d\u00e9sinstitutionalisation a \u00e9t\u00e9 une bonne nouvelle pour plusieurs personnes.<\/p>\n<p>Les fondateurs de Salus s\u2019inqui\u00e9taient par contre de voir que des personnes vuln\u00e9rables atteintes de maladie mentale persistante \u00e9taient renvoy\u00e9es des h\u00f4pitaux sans support appropri\u00e9. Pour plusieurs personnes hospitalis\u00e9es, l\u2019h\u00f4pital \u00e9tait un lieu de traitement, mais aussi un milieu de vie offrant un toit et des activit\u00e9s de loisirs. Souvent, les personnes se sentant chez-soi \u00e0 l\u2019h\u00f4pital auraient beaucoup de difficult\u00e9 \u00e0 vivre dans la communaut\u00e9 sans le soutien adequate.<\/p>\n<p>Les d\u00e9buts ont \u00e9t\u00e9 riches en apprentissage. Puisque Salus ne disposait d\u2019aucune ressource financi\u00e8re, les clients ont \u00e9t\u00e9 encourag\u00e9s \u00e0 mettre en commun ce qu\u2019ils avaient. Ainsi, trois ou quatre clients ont \u00e9t\u00e9 encourag\u00e9s \u00e0 emm\u00e9nager ensemble pour partager le loyer et les autres co\u00fbts. Cette approche n\u2019a pas dur\u00e9 longtemps. Les colocataires ayant peu d\u2019habilet\u00e9s sociales, ils entraient souvent en conflit entre eux.<\/p>\n<p>Salus a compris que les clients auraient avantage \u00e0 apprendre les habilet\u00e9s quotidiennes et sociales afin de conna\u00eetre du succ\u00e8s. Le financement \u00e9tant difficile \u00e0 obtenir, trois des membres fondateurs ont d\u00fb offrir leurs ressources personnelles en garantie afin d\u2019obtenir un pr\u00eat bancaire. Le groupe a ainsi marqu\u00e9 une premi\u00e8re \u00e9tape importante en achetant une petite maison de chambres dans le centre-ville d\u2019Ottawa. Bien qu\u2019aucune garantie de recevoir une paie ne lui soit donn\u00e9e en compensation pour ses efforts, une autre membre du groupe fondateur a quitt\u00e9 son employ\u00a0comme travailleur social<span id=\"t-served-community-button\" class=\"trans-verified-button goog-toolbar-button\" role=\"button\" aria-hidden=\"true\"><\/span> pour travailler pour Salus. Peu de temps apr\u00e8s, la Soci\u00e9t\u00e9 canadienne d\u2019hypoth\u00e8que et de logements a fourni les fonds pour repayer l\u2019hypoth\u00e8que contract\u00e9e et en ao\u00fbt 1979, le Minist\u00e8re de la sant\u00e9 a fourni des fonds pour financer les op\u00e9rations de la maison. Salus \u00e9tait lanc\u00e9 pour de bon.<\/p>\n<p>Depuis ses d\u00e9buts modestes, Salus a continu\u00e9 de cro\u00eetre et de s\u2019agrandir. Salus compte aujourd\u2019hui plus de\u00a0100 employ\u00e9s. Les services qu\u2019offre Salus sont vari\u00e9s : accompagnement communautaire, d\u00e9veloppement communautaire, loisirs, ergoth\u00e9rapie. Nous offrons des services en anglais, en fran\u00e7ais et comptons des employ\u00e9s pouvant offrir des services en langue des signes am\u00e9ricaine et en langue des signes qu\u00e9b\u00e9coise.<\/p>\n<p>Salus offre du logement vari\u00e9 gr\u00e2ce \u00e0 neuf \u00e9difices d\u2019appartements, une maison familiale et deux maisons de chambres. Nous offrons \u00e9galement deux programmes de r\u00e9habilitation r\u00e9sidentielle. Nous sommes engag\u00e9s avec espoir sur le chemin du r\u00e9tablissement et offrons un chez-soi pour des centaines d\u2019adultes de la r\u00e9gion d\u2019Ottawa. Nous sommes engag\u00e9s dans notre communaut\u00e9 par le biais des programmes de surveillance de quartier. Nous innovons par nos programmes de musique, d\u2019arts et de loisirs et nous sommes des jardiniers passionn\u00e9s! Nos clients, leurs familles et la communaut\u00e9 sont parties int\u00e9grantes de notre travail.<\/p>\n<\/div><\/section><\/div>\n","protected":false},"excerpt":{"rendered":"","protected":false},"author":1,"featured_media":0,"parent":0,"menu_order":0,"comment_status":"closed","ping_status":"closed","template":"","meta":{"footnotes":""},"class_list":["post-10","page","type-page","status-publish","hentry"],"acf":[],"_links":{"self":[{"href":"https:\/\/www.salusottawa.org\/fr\/wp-json\/wp\/v2\/pages\/10","targetHints":{"allow":["GET"]}}],"collection":[{"href":"https:\/\/www.salusottawa.org\/fr\/wp-json\/wp\/v2\/pages"}],"about":[{"href":"https:\/\/www.salusottawa.org\/fr\/wp-json\/wp\/v2\/types\/page"}],"author":[{"embeddable":true,"href":"https:\/\/www.salusottawa.org\/fr\/wp-json\/wp\/v2\/users\/1"}],"replies":[{"embeddable":true,"href":"https:\/\/www.salusottawa.org\/fr\/wp-json\/wp\/v2\/comments?post=10"}],"version-history":[{"count":10,"href":"https:\/\/www.salusottawa.org\/fr\/wp-json\/wp\/v2\/pages\/10\/revisions"}],"predecessor-version":[{"id":2014,"href":"https:\/\/www.salusottawa.org\/fr\/wp-json\/wp\/v2\/pages\/10\/revisions\/2014"}],"wp:attachment":[{"href":"https:\/\/www.salusottawa.org\/fr\/wp-json\/wp\/v2\/media?parent=10"}],"curies":[{"name":"wp","href":"https:\/\/api.w.org\/{rel}","templated":true}]}}